{"id":13497,"date":"2021-07-12T16:10:21","date_gmt":"2021-07-12T16:10:21","guid":{"rendered":"https:\/\/www.hipertin.com\/?page_id=13497"},"modified":"2021-07-12T16:53:32","modified_gmt":"2021-07-12T16:53:32","slug":"fabricante-de-cosmeticos-nueva","status":"publish","type":"page","link":"https:\/\/www.hipertin.com\/en\/fabricante-de-cosmeticos-nueva\/","title":{"rendered":"FABRICANTE DE COSM\u00c9TICOS &#8211; Nueva"},"content":{"rendered":"<div id='av_section_1'  class='avia-section main_color avia-section-default avia-no-border-styling  avia-bg-style-scroll  avia-builder-el-0  el_before_av_section  avia-builder-el-first   container_wrap sidebar_right' style=' '  ><div class='container' ><main  role=\"main\" itemprop=\"mainContentOfPage\"  class='template-page content  av-content-small alpha units'><div class='post-entry post-entry-type-page post-entry-13497'><div class='entry-content-wrapper clearfix'>\n<section class=\"av_textblock_section \"  itemscope=\"itemscope\" itemtype=\"https:\/\/schema.org\/CreativeWork\" ><div class='avia_textblock  '   itemprop=\"text\" ><h2 style=\"text-align: center;\"><span style=\"color: #000000;\">FABRICANTE DE COSM\u00c9TICOS<\/span><\/h2>\n<h1 style=\"text-align: center;\">DISE\u00d1O Y FABRICACI\u00d3N<\/h1>\n<\/div><\/section>\n\n<\/div><\/div><\/main><!-- close content main element --><\/div><\/div><div id='av_section_2'  class='avia-section main_color avia-section-default avia-no-border-styling  avia-bg-style-scroll  avia-builder-el-2  el_after_av_section  el_before_av_section   container_wrap sidebar_right' style=' '  ><div class='container' ><div class='template-page content  av-content-small alpha units'><div class='post-entry post-entry-type-page post-entry-13497'><div class='entry-content-wrapper clearfix'>\n<div class=\"flex_column av_one_full  flex_column_div av-zero-column-padding first  avia-builder-el-3  avia-builder-el-no-sibling  \" style='margin-top:0px; margin-bottom:0px; border-radius:0px; '><div  class='avia-image-container  av-styling-    avia-builder-el-4  avia-builder-el-no-sibling  imagen-partner-1 avia-align-center '  itemprop=\"image\" itemscope=\"itemscope\" itemtype=\"https:\/\/schema.org\/ImageObject\"  ><div class='avia-image-container-inner'><div class='avia-image-overlay-wrap'><img decoding=\"async\" class='wp-image-13502 avia-img-lazy-loading-not-13502 avia_image' src=\"https:\/\/www.hipertin.com\/wp-content\/uploads\/Imagen-1.png\" alt='' title='Imagen 1' height=\"520\" width=\"775\"  itemprop=\"thumbnailUrl\" srcset=\"https:\/\/www.hipertin.com\/wp-content\/uploads\/Imagen-1.png 775w, https:\/\/www.hipertin.com\/wp-content\/uploads\/Imagen-1-300x201.png 300w, https:\/\/www.hipertin.com\/wp-content\/uploads\/Imagen-1-768x515.png 768w, https:\/\/www.hipertin.com\/wp-content\/uploads\/Imagen-1-705x473.png 705w\" sizes=\"(max-width: 775px) 100vw, 775px\" \/><\/div><\/div><\/div><\/div><\/div><\/div><\/div><!-- close content main div --><\/div><\/div><div id='av_section_3'  class='avia-section main_color avia-section-default avia-no-border-styling  avia-bg-style-scroll  avia-builder-el-5  el_after_av_section  el_before_av_section   container_wrap sidebar_right' style=' margin-top:-530px; margin-bottom:0px; '  ><div class='container' ><div class='template-page content  av-content-small alpha units'><div class='post-entry post-entry-type-page post-entry-13497'><div class='entry-content-wrapper clearfix'>\n<div class=\"flex_column av_one_half  flex_column_div av-zero-column-padding first  avia-builder-el-6  el_before_av_one_half  avia-builder-el-first  \" style='border-radius:0px; '><\/div><div class=\"flex_column av_one_half  flex_column_div av-zero-column-padding   avia-builder-el-7  el_after_av_one_half  avia-builder-el-last  \" style='border-radius:0px; '><section class=\"av_textblock_section \"  itemscope=\"itemscope\" itemtype=\"https:\/\/schema.org\/CreativeWork\" ><div class='avia_textblock  '   itemprop=\"text\" ><h2><b>CREANDO E INNOVANDO JUNTOS<\/b><\/h2>\n<p>En Hipertin contamos con uno de los equipos m\u00e1s preparados y dedicados a la <b>fabricaci\u00f3n de cosm\u00e9ticos a terceros <\/b>del sector. Investigando, creando y produciendo l\u00edneas de cosm\u00e9tica capilar e higiene de alta calidad.<\/p>\n<p>Gracias a nuestra <b>experiencia<\/b> en el sector y el contacto directo con los profesionales, estamos posicionados como uno de los laboratorios l\u00edderes en la fabricaci\u00f3n de cosm\u00e9ticos a terceros dise\u00f1ando y produciendo productos para el cabello con presencia en m\u00e1s de 50 pa\u00edses.<\/p>\n<p>Ponemos a tu disposici\u00f3n nuestro departamento<b> I+D+I <\/b>para ofrecerte las \u00faltimas <b>tecnolog\u00edas<\/b> y versatilidad en producci\u00f3n.<\/p>\n<p>Para nosotros es importante acompa\u00f1arte y trabajar desde un <b>servicio integral<\/b>, poniendo a tu alcance todo tipo de soluciones y recursos para que tu proyecto sea una <b>realidad.<\/b><\/p>\n<\/div><\/section><\/div><\/div><\/div><\/div><!-- close content main div --><\/div><\/div><div id='av_section_4'  class='avia-section main_color avia-section-default avia-no-border-styling  avia-bg-style-scroll  avia-builder-el-9  el_after_av_section  el_before_av_section   container_wrap sidebar_right' style=' '  ><div class='container' ><div class='template-page content  av-content-small alpha units'><div class='post-entry post-entry-type-page post-entry-13497'><div class='entry-content-wrapper clearfix'>\n<div class=\"flex_column av_one_half  flex_column_div av-zero-column-padding first  avia-builder-el-10  el_before_av_one_half  avia-builder-el-first  \" style='border-radius:0px; '><div  class='avia-image-container  av-styling-    avia-builder-el-11  avia-builder-el-no-sibling  imagen-partner-2 avia-align-center '  itemprop=\"image\" itemscope=\"itemscope\" itemtype=\"https:\/\/schema.org\/ImageObject\"  ><div class='avia-image-container-inner'><div class='avia-image-overlay-wrap'><img decoding=\"async\" class='wp-image-13534 avia-img-lazy-loading-not-13534 avia_image' src=\"https:\/\/www.hipertin.com\/wp-content\/uploads\/Partner-cosmetico-2.png\" alt='' title='Partner-cosmetico-2' height=\"406\" width=\"610\"  itemprop=\"thumbnailUrl\" srcset=\"https:\/\/www.hipertin.com\/wp-content\/uploads\/Partner-cosmetico-2.png 610w, https:\/\/www.hipertin.com\/wp-content\/uploads\/Partner-cosmetico-2-300x200.png 300w\" sizes=\"(max-width: 610px) 100vw, 610px\" \/><\/div><\/div><\/div><\/div><div class=\"flex_column av_one_half  flex_column_div av-zero-column-padding   avia-builder-el-12  el_after_av_one_half  avia-builder-el-last  \" style='border-radius:0px; '><div  class='avia-image-container  av-styling-    avia-builder-el-13  avia-builder-el-no-sibling  imagen-partner-3 avia-align-center '  itemprop=\"image\" itemscope=\"itemscope\" itemtype=\"https:\/\/schema.org\/ImageObject\"  ><div class='avia-image-container-inner'><div class='avia-image-overlay-wrap'><img decoding=\"async\" class='wp-image-13536 avia-img-lazy-loading-not-13536 avia_image' src=\"https:\/\/www.hipertin.com\/wp-content\/uploads\/Partner-cosmetico-3.png\" alt='' title='Partner-cosmetico-3' height=\"406\" width=\"610\"  itemprop=\"thumbnailUrl\" srcset=\"https:\/\/www.hipertin.com\/wp-content\/uploads\/Partner-cosmetico-3.png 610w, https:\/\/www.hipertin.com\/wp-content\/uploads\/Partner-cosmetico-3-300x200.png 300w\" sizes=\"(max-width: 610px) 100vw, 610px\" \/><\/div><\/div><\/div><\/div><\/div><\/div><\/div><!-- close content main div --><\/div><\/div><div id='av_section_5'  class='avia-section main_color avia-section-default avia-no-border-styling  avia-bg-style-scroll  avia-builder-el-14  el_after_av_section  avia-builder-el-last   container_wrap sidebar_right' style=' margin-top:0px; margin-bottom:0px; '  ><div class='container' ><div class='template-page content  av-content-small alpha units'><div class='post-entry post-entry-type-page post-entry-13497'><div class='entry-content-wrapper clearfix'>\n<div class=\"flex_column av_one_half  flex_column_div av-zero-column-padding first  avia-builder-el-15  el_before_av_one_half  avia-builder-el-first  partner-texto-1 \" style='border-radius:0px; '><section class=\"av_textblock_section \"  itemscope=\"itemscope\" itemtype=\"https:\/\/schema.org\/CreativeWork\" ><div class='avia_textblock  '   itemprop=\"text\" ><h2><b>EXPERIENCIA 360\u00ba<\/b><\/h2>\n<h3>CREA TU PROPIA MARCA DE COSM\u00c9TICA<\/h3>\n<p>Impulsados por las necesidades profesionales de nuestros clientes, Hipertin crea productos \u00fanicos y de manera personalizada. Nuestro prop\u00f3sito es ofrecer un <b>servicio integral <\/b>que garantice el \u00e9xito de tu proyecto.<\/p>\n<\/div><\/section><\/div><div class=\"flex_column av_one_half  flex_column_div av-zero-column-padding   avia-builder-el-17  el_after_av_one_half  avia-builder-el-last  partner-texto-2 \" style='border-radius:0px; '><section class=\"av_textblock_section \"  itemscope=\"itemscope\" itemtype=\"https:\/\/schema.org\/CreativeWork\" ><div class='avia_textblock  '   itemprop=\"text\" ><h2><b>COLORACI\u00d3N<\/b><\/h2>\n<h2><b>PROFESIONAL<\/b><\/h2>\n<p>M\u00e1s de 70 a\u00f1os como artesanos del color junto a un equipo de profesionales, han aportado a Hipertin un amplio conocimiento de formulaciones de calidad capaces de adaptarse a todo tipo de cabello.<\/p>\n<\/div><\/section><\/div><\/div><\/div><\/div><!-- close content main div --><\/div><\/div><div id='after_section_5'  class='main_color av_default_container_wrap container_wrap sidebar_right' style=' '  ><div class='container' ><div class='template-page content  av-content-small alpha units'><div class='post-entry post-entry-type-page post-entry-13497'><div class='entry-content-wrapper clearfix'><\/p>\n","protected":false},"excerpt":{"rendered":"","protected":false},"author":3,"featured_media":0,"parent":0,"menu_order":0,"comment_status":"closed","ping_status":"closed","template":"","meta":{"footnotes":""},"yoast_head":"<!-- This site is optimized with the Yoast SEO plugin v22.3 - https:\/\/yoast.com\/wordpress\/plugins\/seo\/ -->\n<title>FABRICANTE DE COSM\u00c9TICOS - Nueva - HIPERTIN<\/title>\n<meta name=\"robots\" content=\"index, follow, max-snippet:-1, max-image-preview:large, max-video-preview:-1\" \/>\n<link rel=\"canonical\" href=\"https:\/\/www.hipertin.com\/en\/fabricante-de-cosmeticos-nueva\/\" \/>\n<meta property=\"og:locale\" content=\"en_US\" \/>\n<meta property=\"og:type\" content=\"article\" \/>\n<meta property=\"og:title\" content=\"FABRICANTE DE COSM\u00c9TICOS - Nueva - HIPERTIN\" \/>\n<meta property=\"og:url\" content=\"https:\/\/www.hipertin.com\/en\/fabricante-de-cosmeticos-nueva\/\" \/>\n<meta property=\"og:site_name\" content=\"HIPERTIN\" \/>\n<meta property=\"article:publisher\" content=\"https:\/\/es-es.facebook.com\/pg\/HipertinOfficial\/\" \/>\n<meta property=\"article:modified_time\" content=\"2021-07-12T16:53:32+00:00\" \/>\n<meta name=\"twitter:label1\" content=\"Est. reading time\" \/>\n\t<meta name=\"twitter:data1\" content=\"4 minutes\" \/>\n<script type=\"application\/ld+json\" class=\"yoast-schema-graph\">{\"@context\":\"https:\/\/schema.org\",\"@graph\":[{\"@type\":\"WebPage\",\"@id\":\"https:\/\/www.hipertin.com\/en\/fabricante-de-cosmeticos-nueva\/\",\"url\":\"https:\/\/www.hipertin.com\/en\/fabricante-de-cosmeticos-nueva\/\",\"name\":\"FABRICANTE DE COSM\u00c9TICOS - Nueva - HIPERTIN\",\"isPartOf\":{\"@id\":\"https:\/\/www.hipertin.com\/en\/#website\"},\"datePublished\":\"2021-07-12T16:10:21+00:00\",\"dateModified\":\"2021-07-12T16:53:32+00:00\",\"breadcrumb\":{\"@id\":\"https:\/\/www.hipertin.com\/en\/fabricante-de-cosmeticos-nueva\/#breadcrumb\"},\"inLanguage\":\"en-US\",\"potentialAction\":[{\"@type\":\"ReadAction\",\"target\":[\"https:\/\/www.hipertin.com\/en\/fabricante-de-cosmeticos-nueva\/\"]}]},{\"@type\":\"BreadcrumbList\",\"@id\":\"https:\/\/www.hipertin.com\/en\/fabricante-de-cosmeticos-nueva\/#breadcrumb\",\"itemListElement\":[{\"@type\":\"ListItem\",\"position\":1,\"name\":\"Portada\",\"item\":\"https:\/\/www.hipertin.com\/en\/\"},{\"@type\":\"ListItem\",\"position\":2,\"name\":\"FABRICANTE DE COSM\u00c9TICOS &#8211; Nueva\"}]},{\"@type\":\"WebSite\",\"@id\":\"https:\/\/www.hipertin.com\/en\/#website\",\"url\":\"https:\/\/www.hipertin.com\/en\/\",\"name\":\"HIPERTIN\",\"description\":\"HOLA - \u00bfNos inspiramos?\",\"publisher\":{\"@id\":\"https:\/\/www.hipertin.com\/en\/#organization\"},\"potentialAction\":[{\"@type\":\"SearchAction\",\"target\":{\"@type\":\"EntryPoint\",\"urlTemplate\":\"https:\/\/www.hipertin.com\/en\/?s={search_term_string}\"},\"query-input\":\"required name=search_term_string\"}],\"inLanguage\":\"en-US\"},{\"@type\":\"Organization\",\"@id\":\"https:\/\/www.hipertin.com\/en\/#organization\",\"name\":\"HIPERTIN, S.A.\",\"url\":\"https:\/\/www.hipertin.com\/en\/\",\"logo\":{\"@type\":\"ImageObject\",\"inLanguage\":\"en-US\",\"@id\":\"https:\/\/www.hipertin.com\/en\/#\/schema\/logo\/image\/\",\"url\":\"https:\/\/www.hipertin.com\/wp-content\/uploads\/logo-hi.jpg\",\"contentUrl\":\"https:\/\/www.hipertin.com\/wp-content\/uploads\/logo-hi.jpg\",\"width\":200,\"height\":200,\"caption\":\"HIPERTIN, S.A.\"},\"image\":{\"@id\":\"https:\/\/www.hipertin.com\/en\/#\/schema\/logo\/image\/\"},\"sameAs\":[\"https:\/\/es-es.facebook.com\/pg\/HipertinOfficial\/\",\"https:\/\/www.instagram.com\/hipertin_official\/\",\"https:\/\/es.linkedin.com\/company\/hipertin\",\"https:\/\/www.youtube.com\/channel\/UClDdByjzx9pEUt7PPpySYSg\"]}]}<\/script>\n<!-- \/ Yoast SEO plugin. -->","yoast_head_json":{"title":"FABRICANTE DE COSM\u00c9TICOS - Nueva - HIPERTIN","robots":{"index":"index","follow":"follow","max-snippet":"max-snippet:-1","max-image-preview":"max-image-preview:large","max-video-preview":"max-video-preview:-1"},"canonical":"https:\/\/www.hipertin.com\/en\/fabricante-de-cosmeticos-nueva\/","og_locale":"en_US","og_type":"article","og_title":"FABRICANTE DE COSM\u00c9TICOS - Nueva - HIPERTIN","og_url":"https:\/\/www.hipertin.com\/en\/fabricante-de-cosmeticos-nueva\/","og_site_name":"HIPERTIN","article_publisher":"https:\/\/es-es.facebook.com\/pg\/HipertinOfficial\/","article_modified_time":"2021-07-12T16:53:32+00:00","twitter_misc":{"Est. reading time":"4 minutes"},"schema":{"@context":"https:\/\/schema.org","@graph":[{"@type":"WebPage","@id":"https:\/\/www.hipertin.com\/en\/fabricante-de-cosmeticos-nueva\/","url":"https:\/\/www.hipertin.com\/en\/fabricante-de-cosmeticos-nueva\/","name":"FABRICANTE DE COSM\u00c9TICOS - Nueva - HIPERTIN","isPartOf":{"@id":"https:\/\/www.hipertin.com\/en\/#website"},"datePublished":"2021-07-12T16:10:21+00:00","dateModified":"2021-07-12T16:53:32+00:00","breadcrumb":{"@id":"https:\/\/www.hipertin.com\/en\/fabricante-de-cosmeticos-nueva\/#breadcrumb"},"inLanguage":"en-US","potentialAction":[{"@type":"ReadAction","target":["https:\/\/www.hipertin.com\/en\/fabricante-de-cosmeticos-nueva\/"]}]},{"@type":"BreadcrumbList","@id":"https:\/\/www.hipertin.com\/en\/fabricante-de-cosmeticos-nueva\/#breadcrumb","itemListElement":[{"@type":"ListItem","position":1,"name":"Portada","item":"https:\/\/www.hipertin.com\/en\/"},{"@type":"ListItem","position":2,"name":"FABRICANTE DE COSM\u00c9TICOS &#8211; Nueva"}]},{"@type":"WebSite","@id":"https:\/\/www.hipertin.com\/en\/#website","url":"https:\/\/www.hipertin.com\/en\/","name":"HIPERTIN","description":"HOLA - \u00bfNos inspiramos?","publisher":{"@id":"https:\/\/www.hipertin.com\/en\/#organization"},"potentialAction":[{"@type":"SearchAction","target":{"@type":"EntryPoint","urlTemplate":"https:\/\/www.hipertin.com\/en\/?s={search_term_string}"},"query-input":"required name=search_term_string"}],"inLanguage":"en-US"},{"@type":"Organization","@id":"https:\/\/www.hipertin.com\/en\/#organization","name":"HIPERTIN, S.A.","url":"https:\/\/www.hipertin.com\/en\/","logo":{"@type":"ImageObject","inLanguage":"en-US","@id":"https:\/\/www.hipertin.com\/en\/#\/schema\/logo\/image\/","url":"https:\/\/www.hipertin.com\/wp-content\/uploads\/logo-hi.jpg","contentUrl":"https:\/\/www.hipertin.com\/wp-content\/uploads\/logo-hi.jpg","width":200,"height":200,"caption":"HIPERTIN, S.A."},"image":{"@id":"https:\/\/www.hipertin.com\/en\/#\/schema\/logo\/image\/"},"sameAs":["https:\/\/es-es.facebook.com\/pg\/HipertinOfficial\/","https:\/\/www.instagram.com\/hipertin_official\/","https:\/\/es.linkedin.com\/company\/hipertin","https:\/\/www.youtube.com\/channel\/UClDdByjzx9pEUt7PPpySYSg"]}]}},"_links":{"self":[{"href":"https:\/\/www.hipertin.com\/en\/wp-json\/wp\/v2\/pages\/13497"}],"collection":[{"href":"https:\/\/www.hipertin.com\/en\/wp-json\/wp\/v2\/pages"}],"about":[{"href":"https:\/\/www.hipertin.com\/en\/wp-json\/wp\/v2\/types\/page"}],"author":[{"embeddable":true,"href":"https:\/\/www.hipertin.com\/en\/wp-json\/wp\/v2\/users\/3"}],"replies":[{"embeddable":true,"href":"https:\/\/www.hipertin.com\/en\/wp-json\/wp\/v2\/comments?post=13497"}],"version-history":[{"count":0,"href":"https:\/\/www.hipertin.com\/en\/wp-json\/wp\/v2\/pages\/13497\/revisions"}],"wp:attachment":[{"href":"https:\/\/www.hipertin.com\/en\/wp-json\/wp\/v2\/media?parent=13497"}],"curies":[{"name":"wp","href":"https:\/\/api.w.org\/{rel}","templated":true}]}}