{"id":15069,"date":"2021-10-08T06:03:25","date_gmt":"2021-10-08T06:03:25","guid":{"rendered":"https:\/\/www.hipertin.com\/?page_id=15069"},"modified":"2021-10-08T06:28:05","modified_gmt":"2021-10-08T06:28:05","slug":"newsletter","status":"publish","type":"page","link":"https:\/\/www.hipertin.com\/en\/newsletter\/","title":{"rendered":"Suscr\u00edbete a la Newsletter de Hipertin"},"content":{"rendered":"<div class=\"flex_column av_one_full  flex_column_div av-zero-column-padding first  avia-builder-el-0  avia-builder-el-no-sibling  \" style='margin-top:100px; margin-bottom:100px; border-radius:0px; '><section class=\"av_textblock_section \"  itemscope=\"itemscope\" itemtype=\"https:\/\/schema.org\/CreativeWork\" ><div class='avia_textblock  '   itemprop=\"text\" ><h3 style=\"text-align: center;\">\u00a1Te damos la bienvenida a la Newsletter de Hipertin!<\/h3>\n<p style=\"color: black; padding-top: 20px; text-align: center;\">Suscr\u00edbete a nuestra Newsletter para estar al d\u00eda de nuestros lanzamientos, novedades, productos, promociones y formaci\u00f3n online.<\/p>\n<p style=\"text-align: center; padding-bottom: 40px; color: black;\">Para suscribirte a la Newsletter, solamente te pediremos tu correo electr\u00f3nico, en el cual te llegar\u00e1n nuestros e-mails informativos.<\/p>\n<\/div><\/section><br \/>\n<br \/>\n<div  class='avia-image-container  av-styling-    avia-builder-el-3  el_after_av_codeblock  avia-builder-el-last  avia-align-center '  itemprop=\"image\" itemscope=\"itemscope\" itemtype=\"https:\/\/schema.org\/ImageObject\"  ><div class='avia-image-container-inner'><div class='avia-image-overlay-wrap'><a href='https:\/\/www.hipertin.com\/homepage-fabricante-cosmetica-marca-blanca\/' class='avia_image'  ><img decoding=\"async\" width=\"300\" height=\"160\" class='wp-image-7229 avia-img-lazy-loading-not-7229 avia_image' src=\"https:\/\/www.hipertin.com\/wp-content\/uploads\/Logo-HI-Cosmetica-e-Higiene-300x160.png\" alt='Logo Hipertin Cosm\u00e9tica e Higiene' title='Logo HI Cosm\u00e9tica e Higiene'  itemprop=\"thumbnailUrl\" srcset=\"https:\/\/www.hipertin.com\/wp-content\/uploads\/Logo-HI-Cosmetica-e-Higiene-300x160.png 300w, https:\/\/www.hipertin.com\/wp-content\/uploads\/Logo-HI-Cosmetica-e-Higiene-1030x549.png 1030w, https:\/\/www.hipertin.com\/wp-content\/uploads\/Logo-HI-Cosmetica-e-Higiene-768x410.png 768w, https:\/\/www.hipertin.com\/wp-content\/uploads\/Logo-HI-Cosmetica-e-Higiene-1536x819.png 1536w, https:\/\/www.hipertin.com\/wp-content\/uploads\/Logo-HI-Cosmetica-e-Higiene-2048x1092.png 2048w, https:\/\/www.hipertin.com\/wp-content\/uploads\/Logo-HI-Cosmetica-e-Higiene-1500x800.png 1500w, https:\/\/www.hipertin.com\/wp-content\/uploads\/Logo-HI-Cosmetica-e-Higiene-705x376.png 705w\" sizes=\"(max-width: 300px) 100vw, 300px\" \/><\/a><\/div><\/div><\/div><\/p><\/div>\n","protected":false},"excerpt":{"rendered":"","protected":false},"author":3,"featured_media":0,"parent":0,"menu_order":0,"comment_status":"closed","ping_status":"closed","template":"","meta":{"footnotes":""},"yoast_head":"<!-- This site is optimized with the Yoast SEO plugin v22.3 - https:\/\/yoast.com\/wordpress\/plugins\/seo\/ -->\n<title>Suscr\u00edbete a la Newsletter de Hipertin - HIPERTIN<\/title>\n<meta name=\"robots\" content=\"index, follow, max-snippet:-1, max-image-preview:large, max-video-preview:-1\" \/>\n<link rel=\"canonical\" href=\"https:\/\/www.hipertin.com\/en\/newsletter\/\" \/>\n<meta property=\"og:locale\" content=\"en_US\" \/>\n<meta property=\"og:type\" content=\"article\" \/>\n<meta property=\"og:title\" content=\"Suscr\u00edbete a la Newsletter de Hipertin - HIPERTIN\" \/>\n<meta property=\"og:url\" content=\"https:\/\/www.hipertin.com\/en\/newsletter\/\" \/>\n<meta property=\"og:site_name\" content=\"HIPERTIN\" \/>\n<meta property=\"article:publisher\" content=\"https:\/\/es-es.facebook.com\/pg\/HipertinOfficial\/\" \/>\n<meta property=\"article:modified_time\" content=\"2021-10-08T06:28:05+00:00\" \/>\n<meta name=\"twitter:label1\" content=\"Est. reading time\" \/>\n\t<meta name=\"twitter:data1\" content=\"1 minute\" \/>\n<script type=\"application\/ld+json\" class=\"yoast-schema-graph\">{\"@context\":\"https:\/\/schema.org\",\"@graph\":[{\"@type\":\"WebPage\",\"@id\":\"https:\/\/www.hipertin.com\/en\/newsletter\/\",\"url\":\"https:\/\/www.hipertin.com\/en\/newsletter\/\",\"name\":\"Suscr\u00edbete a la Newsletter de Hipertin - HIPERTIN\",\"isPartOf\":{\"@id\":\"https:\/\/www.hipertin.com\/en\/#website\"},\"datePublished\":\"2021-10-08T06:03:25+00:00\",\"dateModified\":\"2021-10-08T06:28:05+00:00\",\"breadcrumb\":{\"@id\":\"https:\/\/www.hipertin.com\/en\/newsletter\/#breadcrumb\"},\"inLanguage\":\"en-US\",\"potentialAction\":[{\"@type\":\"ReadAction\",\"target\":[\"https:\/\/www.hipertin.com\/en\/newsletter\/\"]}]},{\"@type\":\"BreadcrumbList\",\"@id\":\"https:\/\/www.hipertin.com\/en\/newsletter\/#breadcrumb\",\"itemListElement\":[{\"@type\":\"ListItem\",\"position\":1,\"name\":\"Portada\",\"item\":\"https:\/\/www.hipertin.com\/en\/\"},{\"@type\":\"ListItem\",\"position\":2,\"name\":\"Suscr\u00edbete a la Newsletter de Hipertin\"}]},{\"@type\":\"WebSite\",\"@id\":\"https:\/\/www.hipertin.com\/en\/#website\",\"url\":\"https:\/\/www.hipertin.com\/en\/\",\"name\":\"HIPERTIN\",\"description\":\"HOLA - \u00bfNos inspiramos?\",\"publisher\":{\"@id\":\"https:\/\/www.hipertin.com\/en\/#organization\"},\"potentialAction\":[{\"@type\":\"SearchAction\",\"target\":{\"@type\":\"EntryPoint\",\"urlTemplate\":\"https:\/\/www.hipertin.com\/en\/?s={search_term_string}\"},\"query-input\":\"required name=search_term_string\"}],\"inLanguage\":\"en-US\"},{\"@type\":\"Organization\",\"@id\":\"https:\/\/www.hipertin.com\/en\/#organization\",\"name\":\"HIPERTIN, S.A.\",\"url\":\"https:\/\/www.hipertin.com\/en\/\",\"logo\":{\"@type\":\"ImageObject\",\"inLanguage\":\"en-US\",\"@id\":\"https:\/\/www.hipertin.com\/en\/#\/schema\/logo\/image\/\",\"url\":\"https:\/\/www.hipertin.com\/wp-content\/uploads\/logo-hi.jpg\",\"contentUrl\":\"https:\/\/www.hipertin.com\/wp-content\/uploads\/logo-hi.jpg\",\"width\":200,\"height\":200,\"caption\":\"HIPERTIN, S.A.\"},\"image\":{\"@id\":\"https:\/\/www.hipertin.com\/en\/#\/schema\/logo\/image\/\"},\"sameAs\":[\"https:\/\/es-es.facebook.com\/pg\/HipertinOfficial\/\",\"https:\/\/www.instagram.com\/hipertin_official\/\",\"https:\/\/es.linkedin.com\/company\/hipertin\",\"https:\/\/www.youtube.com\/channel\/UClDdByjzx9pEUt7PPpySYSg\"]}]}<\/script>\n<!-- \/ Yoast SEO plugin. -->","yoast_head_json":{"title":"Suscr\u00edbete a la Newsletter de Hipertin - HIPERTIN","robots":{"index":"index","follow":"follow","max-snippet":"max-snippet:-1","max-image-preview":"max-image-preview:large","max-video-preview":"max-video-preview:-1"},"canonical":"https:\/\/www.hipertin.com\/en\/newsletter\/","og_locale":"en_US","og_type":"article","og_title":"Suscr\u00edbete a la Newsletter de Hipertin - HIPERTIN","og_url":"https:\/\/www.hipertin.com\/en\/newsletter\/","og_site_name":"HIPERTIN","article_publisher":"https:\/\/es-es.facebook.com\/pg\/HipertinOfficial\/","article_modified_time":"2021-10-08T06:28:05+00:00","twitter_misc":{"Est. reading time":"1 minute"},"schema":{"@context":"https:\/\/schema.org","@graph":[{"@type":"WebPage","@id":"https:\/\/www.hipertin.com\/en\/newsletter\/","url":"https:\/\/www.hipertin.com\/en\/newsletter\/","name":"Suscr\u00edbete a la Newsletter de Hipertin - HIPERTIN","isPartOf":{"@id":"https:\/\/www.hipertin.com\/en\/#website"},"datePublished":"2021-10-08T06:03:25+00:00","dateModified":"2021-10-08T06:28:05+00:00","breadcrumb":{"@id":"https:\/\/www.hipertin.com\/en\/newsletter\/#breadcrumb"},"inLanguage":"en-US","potentialAction":[{"@type":"ReadAction","target":["https:\/\/www.hipertin.com\/en\/newsletter\/"]}]},{"@type":"BreadcrumbList","@id":"https:\/\/www.hipertin.com\/en\/newsletter\/#breadcrumb","itemListElement":[{"@type":"ListItem","position":1,"name":"Portada","item":"https:\/\/www.hipertin.com\/en\/"},{"@type":"ListItem","position":2,"name":"Suscr\u00edbete a la Newsletter de Hipertin"}]},{"@type":"WebSite","@id":"https:\/\/www.hipertin.com\/en\/#website","url":"https:\/\/www.hipertin.com\/en\/","name":"HIPERTIN","description":"HOLA - \u00bfNos inspiramos?","publisher":{"@id":"https:\/\/www.hipertin.com\/en\/#organization"},"potentialAction":[{"@type":"SearchAction","target":{"@type":"EntryPoint","urlTemplate":"https:\/\/www.hipertin.com\/en\/?s={search_term_string}"},"query-input":"required name=search_term_string"}],"inLanguage":"en-US"},{"@type":"Organization","@id":"https:\/\/www.hipertin.com\/en\/#organization","name":"HIPERTIN, S.A.","url":"https:\/\/www.hipertin.com\/en\/","logo":{"@type":"ImageObject","inLanguage":"en-US","@id":"https:\/\/www.hipertin.com\/en\/#\/schema\/logo\/image\/","url":"https:\/\/www.hipertin.com\/wp-content\/uploads\/logo-hi.jpg","contentUrl":"https:\/\/www.hipertin.com\/wp-content\/uploads\/logo-hi.jpg","width":200,"height":200,"caption":"HIPERTIN, S.A."},"image":{"@id":"https:\/\/www.hipertin.com\/en\/#\/schema\/logo\/image\/"},"sameAs":["https:\/\/es-es.facebook.com\/pg\/HipertinOfficial\/","https:\/\/www.instagram.com\/hipertin_official\/","https:\/\/es.linkedin.com\/company\/hipertin","https:\/\/www.youtube.com\/channel\/UClDdByjzx9pEUt7PPpySYSg"]}]}},"_links":{"self":[{"href":"https:\/\/www.hipertin.com\/en\/wp-json\/wp\/v2\/pages\/15069"}],"collection":[{"href":"https:\/\/www.hipertin.com\/en\/wp-json\/wp\/v2\/pages"}],"about":[{"href":"https:\/\/www.hipertin.com\/en\/wp-json\/wp\/v2\/types\/page"}],"author":[{"embeddable":true,"href":"https:\/\/www.hipertin.com\/en\/wp-json\/wp\/v2\/users\/3"}],"replies":[{"embeddable":true,"href":"https:\/\/www.hipertin.com\/en\/wp-json\/wp\/v2\/comments?post=15069"}],"version-history":[{"count":0,"href":"https:\/\/www.hipertin.com\/en\/wp-json\/wp\/v2\/pages\/15069\/revisions"}],"wp:attachment":[{"href":"https:\/\/www.hipertin.com\/en\/wp-json\/wp\/v2\/media?parent=15069"}],"curies":[{"name":"wp","href":"https:\/\/api.w.org\/{rel}","templated":true}]}}