{"id":5349,"date":"2020-10-31T23:10:46","date_gmt":"2020-10-31T23:10:46","guid":{"rendered":"https:\/\/www.hipertin.com\/area-tecnica\/"},"modified":"2022-12-19T11:11:01","modified_gmt":"2022-12-19T11:11:01","slug":"area-tecnica","status":"publish","type":"page","link":"https:\/\/www.hipertin.com\/en\/area-tecnica\/","title":{"rendered":"\u00c1rea T\u00e9cnica"},"content":{"rendered":"<div id='av_section_1'  class='avia-section alternate_color avia-section-default avia-no-border-styling  avia-bg-style-scroll  avia-builder-el-0  el_before_av_section  avia-builder-el-first   container_wrap sidebar_right' style=' '  ><div class='container' ><main  role=\"main\" itemprop=\"mainContentOfPage\"  class='template-page content  av-content-small alpha units'><div class='post-entry post-entry-type-page post-entry-5349'><div class='entry-content-wrapper clearfix'>\n<section class=\"av_textblock_section \"  itemscope=\"itemscope\" itemtype=\"https:\/\/schema.org\/CreativeWork\" ><div class='avia_textblock  av_inherit_color '  style='color:#000000; '  itemprop=\"text\" ><p style=\"text-align: center;\"><span style=\"color: #000000;\"><strong>TECHNICAL AREA<\/strong><\/span><\/p>\n<\/div><\/section>\n<\/div><\/div><\/main><!-- close content main element --><\/div><\/div><div id='av_section_2'  class='avia-section main_color avia-section-no-padding avia-no-border-styling  avia-bg-style-scroll  avia-builder-el-2  el_after_av_section  el_before_av_section   container_wrap sidebar_right' style=' '  ><div class='container' ><div class='template-page content  av-content-small alpha units'><div class='post-entry post-entry-type-page post-entry-5349'><div class='entry-content-wrapper clearfix'>\n<div class='flex_column_table av-equal-height-column-flextable -flextable' ><div class=\"flex_column av_one_full  flex_column_table_cell av-equal-height-column av-align-middle av-zero-column-padding first  avia-builder-el-3  avia-builder-el-no-sibling  \" style='border-radius:0px; '><p><div  class='avia-image-container avia_animated_image avia_animate_when_almost_visible right-to-left av-styling-no-styling av-hover-grow av-hide-overflow   avia-builder-el-4  el_before_av_textblock  avia-builder-el-first  avia-align-center '  itemprop=\"image\" itemscope=\"itemscope\" itemtype=\"https:\/\/schema.org\/ImageObject\"  ><div class='avia-image-container-inner'><div class='avia-image-overlay-wrap'><a href='https:\/\/www.hipertin.com\/area-tecnica-hiplex\/' class='avia_image'  ><img decoding=\"async\" width=\"636\" height=\"500\" class='wp-image-16578 avia-img-lazy-loading-not-16578 avia_image' src=\"https:\/\/www.hipertin.com\/wp-content\/uploads\/HIPLEX-COMPLETO.png\" alt='Hiplex' title='HIPLEX-COMPLETO'  itemprop=\"thumbnailUrl\" srcset=\"https:\/\/www.hipertin.com\/wp-content\/uploads\/HIPLEX-COMPLETO.png 636w, https:\/\/www.hipertin.com\/wp-content\/uploads\/HIPLEX-COMPLETO-300x236.png 300w\" sizes=\"(max-width: 636px) 100vw, 636px\" \/><\/a><\/div><\/div><\/div><br \/>\n<section class=\"av_textblock_section \"  itemscope=\"itemscope\" itemtype=\"https:\/\/schema.org\/CreativeWork\" ><div class='avia_textblock  av_inherit_color '  style='color:#000000; '  itemprop=\"text\" ><p style=\"text-align: center;\"><span style=\"color: #000000;\"><strong>HIPLEX<\/strong><\/span><\/p>\n<\/div><\/section><\/p><\/div><\/div><!--close column table wrapper. Autoclose: 1 -->\n<\/p>\n<\/div><\/div><\/div><!-- close content main div --><\/div><\/div><div id='av_section_3'  class='avia-section main_color avia-section-no-padding avia-no-border-styling  avia-bg-style-scroll  avia-builder-el-6  el_after_av_section  avia-builder-el-last   container_wrap sidebar_right' style=' '  ><div class='container' ><div class='template-page content  av-content-small alpha units'><div class='post-entry post-entry-type-page post-entry-5349'><div class='entry-content-wrapper clearfix'>\n<div class=\"flex_column av_one_fifth  flex_column_div av-zero-column-padding first  avia-builder-el-7  el_before_av_three_fifth  avia-builder-el-first  \" style='border-radius:0px; '><\/div><div class=\"flex_column av_three_fifth  flex_column_div av-zero-column-padding   avia-builder-el-8  el_after_av_one_fifth  el_before_av_one_fifth  \" style='border-radius:0px; '><\/div><div class=\"flex_column av_one_fifth  flex_column_div av-zero-column-padding   avia-builder-el-9  el_after_av_three_fifth  avia-builder-el-last  \" style='border-radius:0px; '><\/div>\n<\/div><\/div><\/div><!-- close content main div --><\/div><\/div><div id='after_section_3'  class='main_color av_default_container_wrap container_wrap sidebar_right' style=' '  ><div class='container' ><div class='template-page content  av-content-small alpha units'><div class='post-entry post-entry-type-page post-entry-5349'><div class='entry-content-wrapper clearfix'>\n","protected":false},"excerpt":{"rendered":"","protected":false},"author":1,"featured_media":5889,"parent":0,"menu_order":0,"comment_status":"closed","ping_status":"closed","template":"","meta":{"footnotes":""},"yoast_head":"<!-- This site is optimized with the Yoast SEO plugin v22.3 - https:\/\/yoast.com\/wordpress\/plugins\/seo\/ -->\n<title>\u00c1rea T\u00e9cnica - HIPERTIN<\/title>\n<meta name=\"description\" content=\"\u00c1rea t\u00e9cnica Hipertin. Gama Hiplex, reparador y sellador de estructuras. Refuerza, nutre, y aporta suavidad y brillo al cabello.\" \/>\n<meta name=\"robots\" content=\"index, follow, max-snippet:-1, max-image-preview:large, max-video-preview:-1\" \/>\n<link rel=\"canonical\" href=\"https:\/\/www.hipertin.com\/en\/area-tecnica\/\" \/>\n<meta property=\"og:locale\" content=\"en_US\" \/>\n<meta property=\"og:type\" content=\"article\" \/>\n<meta property=\"og:title\" content=\"\u00c1rea T\u00e9cnica - HIPERTIN\" \/>\n<meta property=\"og:description\" content=\"\u00c1rea t\u00e9cnica Hipertin. Gama Hiplex, reparador y sellador de estructuras. Refuerza, nutre, y aporta suavidad y brillo al cabello.\" \/>\n<meta property=\"og:url\" content=\"https:\/\/www.hipertin.com\/en\/area-tecnica\/\" \/>\n<meta property=\"og:site_name\" content=\"HIPERTIN\" \/>\n<meta property=\"article:publisher\" content=\"https:\/\/es-es.facebook.com\/pg\/HipertinOfficial\/\" \/>\n<meta property=\"article:modified_time\" content=\"2022-12-19T11:11:01+00:00\" \/>\n<meta property=\"og:image\" content=\"https:\/\/www.hipertin.com\/wp-content\/uploads\/2020\/10\/caja_hiplex.png\" \/>\n\t<meta property=\"og:image:width\" content=\"685\" \/>\n\t<meta property=\"og:image:height\" content=\"636\" \/>\n\t<meta property=\"og:image:type\" content=\"image\/png\" \/>\n<meta name=\"twitter:label1\" content=\"Est. reading time\" \/>\n\t<meta name=\"twitter:data1\" content=\"2 minutes\" \/>\n<script type=\"application\/ld+json\" class=\"yoast-schema-graph\">{\"@context\":\"https:\/\/schema.org\",\"@graph\":[{\"@type\":\"WebPage\",\"@id\":\"https:\/\/www.hipertin.com\/en\/area-tecnica\/\",\"url\":\"https:\/\/www.hipertin.com\/en\/area-tecnica\/\",\"name\":\"\u00c1rea T\u00e9cnica - HIPERTIN\",\"isPartOf\":{\"@id\":\"https:\/\/www.hipertin.com\/en\/#website\"},\"primaryImageOfPage\":{\"@id\":\"https:\/\/www.hipertin.com\/en\/area-tecnica\/#primaryimage\"},\"image\":{\"@id\":\"https:\/\/www.hipertin.com\/en\/area-tecnica\/#primaryimage\"},\"thumbnailUrl\":\"https:\/\/www.hipertin.com\/wp-content\/uploads\/2020\/10\/caja_hiplex.png\",\"datePublished\":\"2020-10-31T23:10:46+00:00\",\"dateModified\":\"2022-12-19T11:11:01+00:00\",\"description\":\"\u00c1rea t\u00e9cnica Hipertin. Gama Hiplex, reparador y sellador de estructuras. Refuerza, nutre, y aporta suavidad y brillo al cabello.\",\"breadcrumb\":{\"@id\":\"https:\/\/www.hipertin.com\/en\/area-tecnica\/#breadcrumb\"},\"inLanguage\":\"en-US\",\"potentialAction\":[{\"@type\":\"ReadAction\",\"target\":[\"https:\/\/www.hipertin.com\/en\/area-tecnica\/\"]}]},{\"@type\":\"ImageObject\",\"inLanguage\":\"en-US\",\"@id\":\"https:\/\/www.hipertin.com\/en\/area-tecnica\/#primaryimage\",\"url\":\"https:\/\/www.hipertin.com\/wp-content\/uploads\/2020\/10\/caja_hiplex.png\",\"contentUrl\":\"https:\/\/www.hipertin.com\/wp-content\/uploads\/2020\/10\/caja_hiplex.png\",\"width\":685,\"height\":636,\"caption\":\"Hiplex Box\"},{\"@type\":\"BreadcrumbList\",\"@id\":\"https:\/\/www.hipertin.com\/en\/area-tecnica\/#breadcrumb\",\"itemListElement\":[{\"@type\":\"ListItem\",\"position\":1,\"name\":\"Portada\",\"item\":\"https:\/\/www.hipertin.com\/en\/\"},{\"@type\":\"ListItem\",\"position\":2,\"name\":\"\u00c1rea T\u00e9cnica\"}]},{\"@type\":\"WebSite\",\"@id\":\"https:\/\/www.hipertin.com\/en\/#website\",\"url\":\"https:\/\/www.hipertin.com\/en\/\",\"name\":\"HIPERTIN\",\"description\":\"HOLA - \u00bfNos inspiramos?\",\"publisher\":{\"@id\":\"https:\/\/www.hipertin.com\/en\/#organization\"},\"potentialAction\":[{\"@type\":\"SearchAction\",\"target\":{\"@type\":\"EntryPoint\",\"urlTemplate\":\"https:\/\/www.hipertin.com\/en\/?s={search_term_string}\"},\"query-input\":\"required name=search_term_string\"}],\"inLanguage\":\"en-US\"},{\"@type\":\"Organization\",\"@id\":\"https:\/\/www.hipertin.com\/en\/#organization\",\"name\":\"HIPERTIN, S.A.\",\"url\":\"https:\/\/www.hipertin.com\/en\/\",\"logo\":{\"@type\":\"ImageObject\",\"inLanguage\":\"en-US\",\"@id\":\"https:\/\/www.hipertin.com\/en\/#\/schema\/logo\/image\/\",\"url\":\"https:\/\/www.hipertin.com\/wp-content\/uploads\/logo-hi.jpg\",\"contentUrl\":\"https:\/\/www.hipertin.com\/wp-content\/uploads\/logo-hi.jpg\",\"width\":200,\"height\":200,\"caption\":\"HIPERTIN, S.A.\"},\"image\":{\"@id\":\"https:\/\/www.hipertin.com\/en\/#\/schema\/logo\/image\/\"},\"sameAs\":[\"https:\/\/es-es.facebook.com\/pg\/HipertinOfficial\/\",\"https:\/\/www.instagram.com\/hipertin_official\/\",\"https:\/\/es.linkedin.com\/company\/hipertin\",\"https:\/\/www.youtube.com\/channel\/UClDdByjzx9pEUt7PPpySYSg\"]}]}<\/script>\n<!-- \/ Yoast SEO plugin. -->","yoast_head_json":{"title":"\u00c1rea T\u00e9cnica - HIPERTIN","description":"\u00c1rea t\u00e9cnica Hipertin. Gama Hiplex, reparador y sellador de estructuras. Refuerza, nutre, y aporta suavidad y brillo al cabello.","robots":{"index":"index","follow":"follow","max-snippet":"max-snippet:-1","max-image-preview":"max-image-preview:large","max-video-preview":"max-video-preview:-1"},"canonical":"https:\/\/www.hipertin.com\/en\/area-tecnica\/","og_locale":"en_US","og_type":"article","og_title":"\u00c1rea T\u00e9cnica - HIPERTIN","og_description":"\u00c1rea t\u00e9cnica Hipertin. Gama Hiplex, reparador y sellador de estructuras. Refuerza, nutre, y aporta suavidad y brillo al cabello.","og_url":"https:\/\/www.hipertin.com\/en\/area-tecnica\/","og_site_name":"HIPERTIN","article_publisher":"https:\/\/es-es.facebook.com\/pg\/HipertinOfficial\/","article_modified_time":"2022-12-19T11:11:01+00:00","og_image":[{"width":685,"height":636,"url":"https:\/\/www.hipertin.com\/wp-content\/uploads\/2020\/10\/caja_hiplex.png","type":"image\/png"}],"twitter_misc":{"Est. reading time":"2 minutes"},"schema":{"@context":"https:\/\/schema.org","@graph":[{"@type":"WebPage","@id":"https:\/\/www.hipertin.com\/en\/area-tecnica\/","url":"https:\/\/www.hipertin.com\/en\/area-tecnica\/","name":"\u00c1rea T\u00e9cnica - HIPERTIN","isPartOf":{"@id":"https:\/\/www.hipertin.com\/en\/#website"},"primaryImageOfPage":{"@id":"https:\/\/www.hipertin.com\/en\/area-tecnica\/#primaryimage"},"image":{"@id":"https:\/\/www.hipertin.com\/en\/area-tecnica\/#primaryimage"},"thumbnailUrl":"https:\/\/www.hipertin.com\/wp-content\/uploads\/2020\/10\/caja_hiplex.png","datePublished":"2020-10-31T23:10:46+00:00","dateModified":"2022-12-19T11:11:01+00:00","description":"\u00c1rea t\u00e9cnica Hipertin. Gama Hiplex, reparador y sellador de estructuras. Refuerza, nutre, y aporta suavidad y brillo al cabello.","breadcrumb":{"@id":"https:\/\/www.hipertin.com\/en\/area-tecnica\/#breadcrumb"},"inLanguage":"en-US","potentialAction":[{"@type":"ReadAction","target":["https:\/\/www.hipertin.com\/en\/area-tecnica\/"]}]},{"@type":"ImageObject","inLanguage":"en-US","@id":"https:\/\/www.hipertin.com\/en\/area-tecnica\/#primaryimage","url":"https:\/\/www.hipertin.com\/wp-content\/uploads\/2020\/10\/caja_hiplex.png","contentUrl":"https:\/\/www.hipertin.com\/wp-content\/uploads\/2020\/10\/caja_hiplex.png","width":685,"height":636,"caption":"Hiplex Box"},{"@type":"BreadcrumbList","@id":"https:\/\/www.hipertin.com\/en\/area-tecnica\/#breadcrumb","itemListElement":[{"@type":"ListItem","position":1,"name":"Portada","item":"https:\/\/www.hipertin.com\/en\/"},{"@type":"ListItem","position":2,"name":"\u00c1rea T\u00e9cnica"}]},{"@type":"WebSite","@id":"https:\/\/www.hipertin.com\/en\/#website","url":"https:\/\/www.hipertin.com\/en\/","name":"HIPERTIN","description":"HOLA - \u00bfNos inspiramos?","publisher":{"@id":"https:\/\/www.hipertin.com\/en\/#organization"},"potentialAction":[{"@type":"SearchAction","target":{"@type":"EntryPoint","urlTemplate":"https:\/\/www.hipertin.com\/en\/?s={search_term_string}"},"query-input":"required name=search_term_string"}],"inLanguage":"en-US"},{"@type":"Organization","@id":"https:\/\/www.hipertin.com\/en\/#organization","name":"HIPERTIN, S.A.","url":"https:\/\/www.hipertin.com\/en\/","logo":{"@type":"ImageObject","inLanguage":"en-US","@id":"https:\/\/www.hipertin.com\/en\/#\/schema\/logo\/image\/","url":"https:\/\/www.hipertin.com\/wp-content\/uploads\/logo-hi.jpg","contentUrl":"https:\/\/www.hipertin.com\/wp-content\/uploads\/logo-hi.jpg","width":200,"height":200,"caption":"HIPERTIN, S.A."},"image":{"@id":"https:\/\/www.hipertin.com\/en\/#\/schema\/logo\/image\/"},"sameAs":["https:\/\/es-es.facebook.com\/pg\/HipertinOfficial\/","https:\/\/www.instagram.com\/hipertin_official\/","https:\/\/es.linkedin.com\/company\/hipertin","https:\/\/www.youtube.com\/channel\/UClDdByjzx9pEUt7PPpySYSg"]}]}},"_links":{"self":[{"href":"https:\/\/www.hipertin.com\/en\/wp-json\/wp\/v2\/pages\/5349"}],"collection":[{"href":"https:\/\/www.hipertin.com\/en\/wp-json\/wp\/v2\/pages"}],"about":[{"href":"https:\/\/www.hipertin.com\/en\/wp-json\/wp\/v2\/types\/page"}],"author":[{"embeddable":true,"href":"https:\/\/www.hipertin.com\/en\/wp-json\/wp\/v2\/users\/1"}],"replies":[{"embeddable":true,"href":"https:\/\/www.hipertin.com\/en\/wp-json\/wp\/v2\/comments?post=5349"}],"version-history":[{"count":0,"href":"https:\/\/www.hipertin.com\/en\/wp-json\/wp\/v2\/pages\/5349\/revisions"}],"wp:featuredmedia":[{"embeddable":true,"href":"https:\/\/www.hipertin.com\/en\/wp-json\/wp\/v2\/media\/5889"}],"wp:attachment":[{"href":"https:\/\/www.hipertin.com\/en\/wp-json\/wp\/v2\/media?parent=5349"}],"curies":[{"name":"wp","href":"https:\/\/api.w.org\/{rel}","templated":true}]}}