{"id":5353,"date":"2020-10-31T23:16:40","date_gmt":"2020-10-31T23:16:40","guid":{"rendered":"https:\/\/www.hipertin.com\/area-tecnica-hiplex\/"},"modified":"2022-12-19T11:02:31","modified_gmt":"2022-12-19T11:02:31","slug":"technical-area-hiplex","status":"publish","type":"page","link":"https:\/\/www.hipertin.com\/en\/technical-area-hiplex\/","title":{"rendered":"\u00c1rea T\u00e9cnica HIPLEX"},"content":{"rendered":"<div id='av_section_1'  class='avia-section alternate_color avia-section-default avia-no-border-styling  avia-bg-style-scroll  avia-builder-el-0  el_before_av_section  avia-builder-el-first   container_wrap sidebar_right' style=' '  ><div class='container' ><main  role=\"main\" itemprop=\"mainContentOfPage\"  class='template-page content  av-content-small alpha units'><div class='post-entry post-entry-type-page post-entry-5353'><div class='entry-content-wrapper clearfix'>\n<section class=\"av_textblock_section \"  itemscope=\"itemscope\" itemtype=\"https:\/\/schema.org\/CreativeWork\" ><div class='avia_textblock  '   itemprop=\"text\" ><h2 style=\"text-align: center;\"><a href=\"https:\/\/www.hipertin.com\/en\/coloring\/\">TECHNICAL AREA<\/a><\/h2>\n<h1 style=\"text-align: center;\"><strong><span style=\"color: #000000;\">HIPLEX<\/span><\/strong><\/h1>\n<\/div><\/section>\n<\/div><\/div><\/main><!-- close content main element --><\/div><\/div><div id='av_section_2'  class='avia-section main_color avia-section-no-padding avia-no-border-styling  avia-bg-style-scroll  avia-builder-el-2  el_after_av_section  el_before_av_section   container_wrap sidebar_right' style=' '  ><div class='container' ><div class='template-page content  av-content-small alpha units'><div class='post-entry post-entry-type-page post-entry-5353'><div class='entry-content-wrapper clearfix'>\n<div class='flex_column_table av-equal-height-column-flextable -flextable' ><div class=\"flex_column av_one_half  no_margin flex_column_table_cell av-equal-height-column av-align-middle first  avia-builder-el-3  el_before_av_one_half  avia-builder-el-first  \" style='background: #79858b; padding:0px 5% 0px 15% ; background-color:#79858b; border-radius:0px; '><section class=\"av_textblock_section \"  itemscope=\"itemscope\" itemtype=\"https:\/\/schema.org\/CreativeWork\" ><div class='avia_textblock  av_inherit_color '  style='color:#ffffff; '  itemprop=\"text\" ><p>Hiplex is a plant protein that makes the internal molecules of the hair more elastic, which makes the hair much more resistant. Thanks to its formulation and active ingredients, using Hiplex during technical processes, the hair is restructured to 85-90% and maintains its original structure.<\/p>\n<p>With Hiplex the technical processes become a treatment.<\/p>\n<p>In cases of coloring, Hiplex acts without modifying the level of coverage or the lightening tones.<\/p>\n<\/div><\/section><\/div><div class=\"flex_column av_one_half  no_margin flex_column_table_cell av-equal-height-column av-align-middle av-zero-column-padding   avia-builder-el-5  el_after_av_one_half  avia-builder-el-last  \" style='border-radius:0px; '><div  class='avia-image-container  av-styling-no-styling    avia-builder-el-6  avia-builder-el-no-sibling  avia-align-center '  itemprop=\"image\" itemscope=\"itemscope\" itemtype=\"https:\/\/schema.org\/ImageObject\"  ><div class='avia-image-container-inner'><div class='avia-image-overlay-wrap'><img decoding=\"async\" class='wp-image-5354 avia-img-lazy-loading-not-5354 avia_image' src=\"https:\/\/www.hipertin.com\/wp-content\/uploads\/2020\/10\/Hiplex_banner.png\" alt='Hiplex' title='Hiplex' height=\"659\" width=\"983\"  itemprop=\"thumbnailUrl\" srcset=\"https:\/\/www.hipertin.com\/wp-content\/uploads\/2020\/10\/Hiplex_banner.png 983w, https:\/\/www.hipertin.com\/wp-content\/uploads\/2020\/10\/Hiplex_banner-300x201.png 300w, https:\/\/www.hipertin.com\/wp-content\/uploads\/2020\/10\/Hiplex_banner-768x515.png 768w, https:\/\/www.hipertin.com\/wp-content\/uploads\/2020\/10\/Hiplex_banner-705x473.png 705w\" sizes=\"(max-width: 983px) 100vw, 983px\" \/><\/div><\/div><\/div><\/div><\/div><!--close column table wrapper. Autoclose: 1 --><\/div><\/div><\/div><!-- close content main div --><\/div><\/div><div id='av_section_3'  class='avia-section main_color avia-section-no-padding avia-no-border-styling  avia-bg-style-scroll  avia-builder-el-7  el_after_av_section  el_before_av_section   container_wrap sidebar_right' style=' '  ><div class='container' ><div class='template-page content  av-content-small alpha units'><div class='post-entry post-entry-type-page post-entry-5353'><div class='entry-content-wrapper clearfix'>\n<div class='flex_column_table av-equal-height-column-flextable -flextable' ><div class=\"flex_column av_one_half  no_margin flex_column_table_cell av-equal-height-column av-align-middle av-zero-column-padding first  avia-builder-el-8  el_before_av_one_half  avia-builder-el-first  \" style='border-radius:0px; '><div  class='avia-image-container  av-styling-    avia-builder-el-9  avia-builder-el-no-sibling  avia-align-center '  itemprop=\"image\" itemscope=\"itemscope\" itemtype=\"https:\/\/schema.org\/ImageObject\"  ><div class='avia-image-container-inner'><div class='avia-image-overlay-wrap'><img decoding=\"async\" class='wp-image-16548 avia-img-lazy-loading-not-16548 avia_image' src=\"https:\/\/www.hipertin.com\/wp-content\/uploads\/Render_HIPLEX-1-600.png\" alt='Hiplex' title='Render_HIPLEX 1 600' height=\"600\" width=\"484\"  itemprop=\"thumbnailUrl\" srcset=\"https:\/\/www.hipertin.com\/wp-content\/uploads\/Render_HIPLEX-1-600.png 484w, https:\/\/www.hipertin.com\/wp-content\/uploads\/Render_HIPLEX-1-600-242x300.png 242w\" sizes=\"(max-width: 484px) 100vw, 484px\" \/><\/div><\/div><\/div><\/div><div class=\"flex_column av_one_half  no_margin flex_column_table_cell av-equal-height-column av-align-middle   avia-builder-el-10  el_after_av_one_half  avia-builder-el-last  \" style='background: #e4e7e8; padding:0px 10% 0px 5% ; background-color:#e4e7e8; border-radius:0px; '><section class=\"av_textblock_section \"  itemscope=\"itemscope\" itemtype=\"https:\/\/schema.org\/CreativeWork\" ><div class='avia_textblock  '   itemprop=\"text\" ><h1><\/h1>\n<h2><strong><span style=\"color: #808080;\">HIPLEX 1<\/span><\/strong><\/h2>\n<p>Repairing of structures. Formulated with a unique chemical composition of a single active vegetable protein, free of parabens, oils, aldehydes and perfume.<\/p>\n<p>This protein acts inside the hair, rebuilding the bonds of the capillary structure, reinforcing them and reducing their breakage to a minimum. In addition, it provides a treating effect that regenerates the cuticle to the maximum, making the hair healthy, strong and flexible.<\/p>\n<h4>Format: 500ml Bottle.<\/h4>\n<div  class='avia-button-wrap avia-button-center  avia-builder-el-12  avia-builder-el-no-sibling ' ><a href='https:\/\/www.youtube.com\/watch?v=MMTmQ4Cb3HY?rel=0&amp;autoplay=1&amp;mute=1'  class='avia-button  avia-color-theme-color   avia-icon_select-yes-left-icon avia-size-small avia-position-center '   ><span class='avia_button_icon avia_button_icon_left ' aria-hidden='true' data-av_icon='\ue818' data-av_iconfont='entypo-fontello'><\/span><span class='avia_iconbox_title' >Info<\/span><\/a><\/div>\n<\/div><\/section><\/div><\/div><!--close column table wrapper. Autoclose: 1 --><\/div><\/div><\/div><!-- close content main div --><\/div><\/div><div id='av_section_4'  class='avia-section main_color avia-section-no-padding avia-no-border-styling  avia-bg-style-scroll  avia-builder-el-13  el_after_av_section  el_before_av_section   container_wrap sidebar_right' style=' '  ><div class='container' ><div class='template-page content  av-content-small alpha units'><div class='post-entry post-entry-type-page post-entry-5353'><div class='entry-content-wrapper clearfix'>\n<div class='flex_column_table av-equal-height-column-flextable -flextable' ><div class=\"flex_column av_one_half  no_margin flex_column_table_cell av-equal-height-column av-align-middle first  avia-builder-el-14  el_before_av_one_half  avia-builder-el-first  \" style='background: #79858b; padding:0px 5% 0px 15% ; background-color:#79858b; border-radius:0px; '><section class=\"av_textblock_section \"  itemscope=\"itemscope\" itemtype=\"https:\/\/schema.org\/CreativeWork\" ><div class='avia_textblock  av_inherit_color '  style='color:#ffffff; '  itemprop=\"text\" ><h1><\/h1>\n<h2><span style=\"color: #999999;\"><strong>HIPLEX 2<\/strong><\/span><\/h2>\n<p>Structure sealer.<\/p>\n<p>Formulated with lotus flower extract and the vegetable protein active. It works by deep conditioning and sealing the outer surface of the reinforced hair during the first step.<\/p>\n<p>Get maximum nutrition, softness and shine.<\/p>\n<h4>Format: 500ml Bottle.<\/h4>\n<div  class='avia-button-wrap avia-button-center  avia-builder-el-16  avia-builder-el-no-sibling ' ><a href='https:\/\/www.youtube.com\/watch?v=MMTmQ4Cb3HY?rel=0&amp;autoplay=1&amp;mute=1'  class='avia-button  avia-color-theme-color   avia-icon_select-yes-left-icon avia-size-small avia-position-center '   ><span class='avia_button_icon avia_button_icon_left ' aria-hidden='true' data-av_icon='\ue818' data-av_iconfont='entypo-fontello'><\/span><span class='avia_iconbox_title' >Info<\/span><\/a><\/div>\n<\/div><\/section><\/div><div class=\"flex_column av_one_half  no_margin flex_column_table_cell av-equal-height-column av-align-middle av-zero-column-padding   avia-builder-el-17  el_after_av_one_half  avia-builder-el-last  \" style='border-radius:0px; '><div  class='avia-image-container  av-styling-    avia-builder-el-18  avia-builder-el-no-sibling  avia-align-center '  itemprop=\"image\" itemscope=\"itemscope\" itemtype=\"https:\/\/schema.org\/ImageObject\"  ><div class='avia-image-container-inner'><div class='avia-image-overlay-wrap'><img decoding=\"async\" class='wp-image-16550 avia-img-lazy-loading-not-16550 avia_image' src=\"https:\/\/www.hipertin.com\/wp-content\/uploads\/Render_HIPLEX-2-600.png\" alt='Hiplex' title='Render_HIPLEX 2 600' height=\"600\" width=\"484\"  itemprop=\"thumbnailUrl\" srcset=\"https:\/\/www.hipertin.com\/wp-content\/uploads\/Render_HIPLEX-2-600.png 484w, https:\/\/www.hipertin.com\/wp-content\/uploads\/Render_HIPLEX-2-600-242x300.png 242w\" sizes=\"(max-width: 484px) 100vw, 484px\" \/><\/div><\/div><\/div><\/div><\/div><!--close column table wrapper. Autoclose: 1 --><\/div><\/div><\/div><!-- close content main div --><\/div><\/div><div id='av_section_5'  class='avia-section main_color avia-section-no-padding avia-no-border-styling  avia-bg-style-scroll  avia-builder-el-19  el_after_av_section  el_before_av_section   container_wrap sidebar_right' style=' '  ><div class='container' ><div class='template-page content  av-content-small alpha units'><div class='post-entry post-entry-type-page post-entry-5353'><div class='entry-content-wrapper clearfix'>\n<div  class='avia-button-wrap avia-button-center  avia-builder-el-20  avia-builder-el-no-sibling ' ><a href='https:\/\/www.hipertin.com\/wp-content\/uploads\/6570_6568_6569_FICHA_TECNICA_HIPLEX_eng.pdf' class='avia-button avia-button-fullwidth  avia-font-color-black avia-icon_select-yes-left-icon avia-color-custom ' target=\"_blank\" style='background-color:#f1f1f2; ' rel=\"noopener\"><span class='avia_button_icon avia_button_icon_left' aria-hidden='true' data-av_icon='\ue87b' data-av_iconfont='entypo-fontello'><\/span><span class='avia_iconbox_title' >Download product sheet<\/span><span class='avia_button_background avia-button avia-button-fullwidth avia-color-light' ><\/span><\/a><\/div>\n<\/div><\/div><\/div><!-- close content main div --><\/div><\/div><div id='av_section_6'  class='avia-section main_color avia-section-no-padding avia-no-border-styling  avia-bg-style-scroll  avia-builder-el-21  el_after_av_section  avia-builder-el-last   container_wrap sidebar_right' style=' margin-top:0px; margin-bottom:5%; '  ><div class='container' ><div class='template-page content  av-content-small alpha units'><div class='post-entry post-entry-type-page post-entry-5353'><div class='entry-content-wrapper clearfix'>\n<div class=\"flex_column av_one_fifth  flex_column_div av-zero-column-padding first  avia-builder-el-22  el_before_av_three_fifth  avia-builder-el-first  \" style='border-radius:0px; '><\/div><div class=\"flex_column av_three_fifth  flex_column_div av-zero-column-padding   avia-builder-el-23  el_after_av_one_fifth  el_before_av_one_fifth  \" style='border-radius:0px; '><section class=\"av_textblock_section \"  itemscope=\"itemscope\" itemtype=\"https:\/\/schema.org\/CreativeWork\" ><div class='avia_textblock  '   itemprop=\"text\" ><h6 style=\"text-align: center;\">RECOMMENDED PRODUCTS<\/h6>\n<\/div><\/section><br \/>\n<div   data-autoplay='false'  data-interval='5'  data-animation='slide'  class='avia-logo-element-container av-border-deactivate avia-logo-slider avia-content-slider avia-smallarrow-slider avia-content-slider-active noHover avia-content-slider1 avia-content-slider-even  avia-builder-el-25  el_after_av_textblock  avia-builder-el-last  ' ><div class='avia-smallarrow-slider-heading  no-logo-slider-heading '><div class='new-special-heading'>&nbsp;<\/div><div class='avia-slideshow-arrows avia-slideshow-controls'><a href='#prev' class='prev-slide' aria-hidden='true' data-av_icon='\ue87c' data-av_iconfont='entypo-fontello'>Previous<\/a><a href='#next' class='next-slide' aria-hidden='true' data-av_icon='\ue87d' data-av_iconfont='entypo-fontello'>Next<\/a><\/div><\/div><div class='avia-content-slider-inner'><div class='slide-entry-wrap' ><div data-avia-tooltip=\"UTOPIK\" class='slide-entry flex_column no_margin post-entry slide-entry-overview slide-loop-1 slide-parity-odd  av_one_half first real-thumbnail'><a href='https:\/\/www.hipertin.com\/utopik\/' data-rel='slide-1' class='slide-image' title=''  ><span class='av-partner-fake-img' style='padding-bottom:58.333333333333%; background-image:url(https:\/\/www.hipertin.com\/wp-content\/uploads\/2020\/10\/UTOPIK-300x175.png);'><\/span><\/a><\/div><div data-avia-tooltip=\"PLATINUM\" class='slide-entry flex_column no_margin post-entry slide-entry-overview slide-loop-2 slide-parity-even  av_one_half  real-thumbnail'><a href='https:\/\/www.hipertin.com\/linecure\/' data-rel='slide-1' class='slide-image' title=''  ><span class='av-partner-fake-img' style='padding-bottom:58.333333333333%; background-image:url(https:\/\/www.hipertin.com\/wp-content\/uploads\/2020\/10\/PLATINUM-300x300.png);'><\/span><\/a><\/div><\/div><div class='slide-entry-wrap' ><div data-avia-tooltip=\"LINECURE\" class='slide-entry flex_column no_margin post-entry slide-entry-overview slide-loop-3 slide-parity-odd  post-entry-last  av_one_half first real-thumbnail'><span class='av-partner-fake-img' style='padding-bottom:58.333333333333%; background-image:url(https:\/\/www.hipertin.com\/wp-content\/uploads\/2020\/10\/mas_vendidos-300x271.png);'><\/span><\/div><\/div><\/div><\/div><\/p><\/div><div class=\"flex_column av_one_fifth  flex_column_div av-zero-column-padding   avia-builder-el-26  el_after_av_three_fifth  avia-builder-el-last  \" style='border-radius:0px; '><\/div><\/div><\/div><\/div><!-- close content main div --><\/div><\/div><div id='after_section_6'  class='main_color av_default_container_wrap container_wrap sidebar_right' style=' '  ><div class='container' ><div class='template-page content  av-content-small alpha units'><div class='post-entry post-entry-type-page post-entry-5353'><div class='entry-content-wrapper clearfix'><\/p>\n","protected":false},"excerpt":{"rendered":"","protected":false},"author":1,"featured_media":5889,"parent":0,"menu_order":0,"comment_status":"closed","ping_status":"closed","template":"","meta":{"footnotes":""},"yoast_head":"<!-- This site is optimized with the Yoast SEO plugin v22.3 - https:\/\/yoast.com\/wordpress\/plugins\/seo\/ -->\n<title>\u00c1rea T\u00e9cnica HIPLEX - HIPERTIN<\/title>\n<meta name=\"description\" content=\"Hiplex es una prote\u00edna vegetal que hace que las mol\u00e9culas internas del cabello sean m\u00e1s el\u00e1sticas, aportanto mucha resistencia al cabello.\" \/>\n<meta name=\"robots\" content=\"index, follow, max-snippet:-1, max-image-preview:large, max-video-preview:-1\" \/>\n<link rel=\"canonical\" href=\"https:\/\/www.hipertin.com\/en\/technical-area-hiplex\/\" \/>\n<meta property=\"og:locale\" content=\"en_US\" \/>\n<meta property=\"og:type\" content=\"article\" \/>\n<meta property=\"og:title\" content=\"\u00c1rea T\u00e9cnica HIPLEX - HIPERTIN\" \/>\n<meta property=\"og:description\" content=\"Hiplex es una prote\u00edna vegetal que hace que las mol\u00e9culas internas del cabello sean m\u00e1s el\u00e1sticas, aportanto mucha resistencia al cabello.\" \/>\n<meta property=\"og:url\" content=\"https:\/\/www.hipertin.com\/en\/technical-area-hiplex\/\" \/>\n<meta property=\"og:site_name\" content=\"HIPERTIN\" \/>\n<meta property=\"article:publisher\" content=\"https:\/\/es-es.facebook.com\/pg\/HipertinOfficial\/\" \/>\n<meta property=\"article:modified_time\" content=\"2022-12-19T11:02:31+00:00\" \/>\n<meta property=\"og:image\" content=\"https:\/\/www.hipertin.com\/wp-content\/uploads\/2020\/10\/caja_hiplex.png\" \/>\n\t<meta property=\"og:image:width\" content=\"685\" \/>\n\t<meta property=\"og:image:height\" content=\"636\" \/>\n\t<meta property=\"og:image:type\" content=\"image\/png\" \/>\n<meta name=\"twitter:label1\" content=\"Est. reading time\" \/>\n\t<meta name=\"twitter:data1\" content=\"5 minutes\" \/>\n<script type=\"application\/ld+json\" class=\"yoast-schema-graph\">{\"@context\":\"https:\/\/schema.org\",\"@graph\":[{\"@type\":\"WebPage\",\"@id\":\"https:\/\/www.hipertin.com\/en\/technical-area-hiplex\/\",\"url\":\"https:\/\/www.hipertin.com\/en\/technical-area-hiplex\/\",\"name\":\"\u00c1rea T\u00e9cnica HIPLEX - HIPERTIN\",\"isPartOf\":{\"@id\":\"https:\/\/www.hipertin.com\/en\/#website\"},\"primaryImageOfPage\":{\"@id\":\"https:\/\/www.hipertin.com\/en\/technical-area-hiplex\/#primaryimage\"},\"image\":{\"@id\":\"https:\/\/www.hipertin.com\/en\/technical-area-hiplex\/#primaryimage\"},\"thumbnailUrl\":\"https:\/\/www.hipertin.com\/wp-content\/uploads\/2020\/10\/caja_hiplex.png\",\"datePublished\":\"2020-10-31T23:16:40+00:00\",\"dateModified\":\"2022-12-19T11:02:31+00:00\",\"description\":\"Hiplex es una prote\u00edna vegetal que hace que las mol\u00e9culas internas del cabello sean m\u00e1s el\u00e1sticas, aportanto mucha resistencia al cabello.\",\"breadcrumb\":{\"@id\":\"https:\/\/www.hipertin.com\/en\/technical-area-hiplex\/#breadcrumb\"},\"inLanguage\":\"en-US\",\"potentialAction\":[{\"@type\":\"ReadAction\",\"target\":[\"https:\/\/www.hipertin.com\/en\/technical-area-hiplex\/\"]}]},{\"@type\":\"ImageObject\",\"inLanguage\":\"en-US\",\"@id\":\"https:\/\/www.hipertin.com\/en\/technical-area-hiplex\/#primaryimage\",\"url\":\"https:\/\/www.hipertin.com\/wp-content\/uploads\/2020\/10\/caja_hiplex.png\",\"contentUrl\":\"https:\/\/www.hipertin.com\/wp-content\/uploads\/2020\/10\/caja_hiplex.png\",\"width\":685,\"height\":636,\"caption\":\"Hiplex Box\"},{\"@type\":\"BreadcrumbList\",\"@id\":\"https:\/\/www.hipertin.com\/en\/technical-area-hiplex\/#breadcrumb\",\"itemListElement\":[{\"@type\":\"ListItem\",\"position\":1,\"name\":\"Portada\",\"item\":\"https:\/\/www.hipertin.com\/en\/\"},{\"@type\":\"ListItem\",\"position\":2,\"name\":\"\u00c1rea T\u00e9cnica HIPLEX\"}]},{\"@type\":\"WebSite\",\"@id\":\"https:\/\/www.hipertin.com\/en\/#website\",\"url\":\"https:\/\/www.hipertin.com\/en\/\",\"name\":\"HIPERTIN\",\"description\":\"HOLA - \u00bfNos inspiramos?\",\"publisher\":{\"@id\":\"https:\/\/www.hipertin.com\/en\/#organization\"},\"potentialAction\":[{\"@type\":\"SearchAction\",\"target\":{\"@type\":\"EntryPoint\",\"urlTemplate\":\"https:\/\/www.hipertin.com\/en\/?s={search_term_string}\"},\"query-input\":\"required name=search_term_string\"}],\"inLanguage\":\"en-US\"},{\"@type\":\"Organization\",\"@id\":\"https:\/\/www.hipertin.com\/en\/#organization\",\"name\":\"HIPERTIN, S.A.\",\"url\":\"https:\/\/www.hipertin.com\/en\/\",\"logo\":{\"@type\":\"ImageObject\",\"inLanguage\":\"en-US\",\"@id\":\"https:\/\/www.hipertin.com\/en\/#\/schema\/logo\/image\/\",\"url\":\"https:\/\/www.hipertin.com\/wp-content\/uploads\/logo-hi.jpg\",\"contentUrl\":\"https:\/\/www.hipertin.com\/wp-content\/uploads\/logo-hi.jpg\",\"width\":200,\"height\":200,\"caption\":\"HIPERTIN, S.A.\"},\"image\":{\"@id\":\"https:\/\/www.hipertin.com\/en\/#\/schema\/logo\/image\/\"},\"sameAs\":[\"https:\/\/es-es.facebook.com\/pg\/HipertinOfficial\/\",\"https:\/\/www.instagram.com\/hipertin_official\/\",\"https:\/\/es.linkedin.com\/company\/hipertin\",\"https:\/\/www.youtube.com\/channel\/UClDdByjzx9pEUt7PPpySYSg\"]}]}<\/script>\n<!-- \/ Yoast SEO plugin. -->","yoast_head_json":{"title":"\u00c1rea T\u00e9cnica HIPLEX - HIPERTIN","description":"Hiplex es una prote\u00edna vegetal que hace que las mol\u00e9culas internas del cabello sean m\u00e1s el\u00e1sticas, aportanto mucha resistencia al cabello.","robots":{"index":"index","follow":"follow","max-snippet":"max-snippet:-1","max-image-preview":"max-image-preview:large","max-video-preview":"max-video-preview:-1"},"canonical":"https:\/\/www.hipertin.com\/en\/technical-area-hiplex\/","og_locale":"en_US","og_type":"article","og_title":"\u00c1rea T\u00e9cnica HIPLEX - HIPERTIN","og_description":"Hiplex es una prote\u00edna vegetal que hace que las mol\u00e9culas internas del cabello sean m\u00e1s el\u00e1sticas, aportanto mucha resistencia al cabello.","og_url":"https:\/\/www.hipertin.com\/en\/technical-area-hiplex\/","og_site_name":"HIPERTIN","article_publisher":"https:\/\/es-es.facebook.com\/pg\/HipertinOfficial\/","article_modified_time":"2022-12-19T11:02:31+00:00","og_image":[{"width":685,"height":636,"url":"https:\/\/www.hipertin.com\/wp-content\/uploads\/2020\/10\/caja_hiplex.png","type":"image\/png"}],"twitter_misc":{"Est. reading time":"5 minutes"},"schema":{"@context":"https:\/\/schema.org","@graph":[{"@type":"WebPage","@id":"https:\/\/www.hipertin.com\/en\/technical-area-hiplex\/","url":"https:\/\/www.hipertin.com\/en\/technical-area-hiplex\/","name":"\u00c1rea T\u00e9cnica HIPLEX - HIPERTIN","isPartOf":{"@id":"https:\/\/www.hipertin.com\/en\/#website"},"primaryImageOfPage":{"@id":"https:\/\/www.hipertin.com\/en\/technical-area-hiplex\/#primaryimage"},"image":{"@id":"https:\/\/www.hipertin.com\/en\/technical-area-hiplex\/#primaryimage"},"thumbnailUrl":"https:\/\/www.hipertin.com\/wp-content\/uploads\/2020\/10\/caja_hiplex.png","datePublished":"2020-10-31T23:16:40+00:00","dateModified":"2022-12-19T11:02:31+00:00","description":"Hiplex es una prote\u00edna vegetal que hace que las mol\u00e9culas internas del cabello sean m\u00e1s el\u00e1sticas, aportanto mucha resistencia al cabello.","breadcrumb":{"@id":"https:\/\/www.hipertin.com\/en\/technical-area-hiplex\/#breadcrumb"},"inLanguage":"en-US","potentialAction":[{"@type":"ReadAction","target":["https:\/\/www.hipertin.com\/en\/technical-area-hiplex\/"]}]},{"@type":"ImageObject","inLanguage":"en-US","@id":"https:\/\/www.hipertin.com\/en\/technical-area-hiplex\/#primaryimage","url":"https:\/\/www.hipertin.com\/wp-content\/uploads\/2020\/10\/caja_hiplex.png","contentUrl":"https:\/\/www.hipertin.com\/wp-content\/uploads\/2020\/10\/caja_hiplex.png","width":685,"height":636,"caption":"Hiplex Box"},{"@type":"BreadcrumbList","@id":"https:\/\/www.hipertin.com\/en\/technical-area-hiplex\/#breadcrumb","itemListElement":[{"@type":"ListItem","position":1,"name":"Portada","item":"https:\/\/www.hipertin.com\/en\/"},{"@type":"ListItem","position":2,"name":"\u00c1rea T\u00e9cnica HIPLEX"}]},{"@type":"WebSite","@id":"https:\/\/www.hipertin.com\/en\/#website","url":"https:\/\/www.hipertin.com\/en\/","name":"HIPERTIN","description":"HOLA - \u00bfNos inspiramos?","publisher":{"@id":"https:\/\/www.hipertin.com\/en\/#organization"},"potentialAction":[{"@type":"SearchAction","target":{"@type":"EntryPoint","urlTemplate":"https:\/\/www.hipertin.com\/en\/?s={search_term_string}"},"query-input":"required name=search_term_string"}],"inLanguage":"en-US"},{"@type":"Organization","@id":"https:\/\/www.hipertin.com\/en\/#organization","name":"HIPERTIN, S.A.","url":"https:\/\/www.hipertin.com\/en\/","logo":{"@type":"ImageObject","inLanguage":"en-US","@id":"https:\/\/www.hipertin.com\/en\/#\/schema\/logo\/image\/","url":"https:\/\/www.hipertin.com\/wp-content\/uploads\/logo-hi.jpg","contentUrl":"https:\/\/www.hipertin.com\/wp-content\/uploads\/logo-hi.jpg","width":200,"height":200,"caption":"HIPERTIN, S.A."},"image":{"@id":"https:\/\/www.hipertin.com\/en\/#\/schema\/logo\/image\/"},"sameAs":["https:\/\/es-es.facebook.com\/pg\/HipertinOfficial\/","https:\/\/www.instagram.com\/hipertin_official\/","https:\/\/es.linkedin.com\/company\/hipertin","https:\/\/www.youtube.com\/channel\/UClDdByjzx9pEUt7PPpySYSg"]}]}},"_links":{"self":[{"href":"https:\/\/www.hipertin.com\/en\/wp-json\/wp\/v2\/pages\/5353"}],"collection":[{"href":"https:\/\/www.hipertin.com\/en\/wp-json\/wp\/v2\/pages"}],"about":[{"href":"https:\/\/www.hipertin.com\/en\/wp-json\/wp\/v2\/types\/page"}],"author":[{"embeddable":true,"href":"https:\/\/www.hipertin.com\/en\/wp-json\/wp\/v2\/users\/1"}],"replies":[{"embeddable":true,"href":"https:\/\/www.hipertin.com\/en\/wp-json\/wp\/v2\/comments?post=5353"}],"version-history":[{"count":0,"href":"https:\/\/www.hipertin.com\/en\/wp-json\/wp\/v2\/pages\/5353\/revisions"}],"wp:featuredmedia":[{"embeddable":true,"href":"https:\/\/www.hipertin.com\/en\/wp-json\/wp\/v2\/media\/5889"}],"wp:attachment":[{"href":"https:\/\/www.hipertin.com\/en\/wp-json\/wp\/v2\/media?parent=5353"}],"curies":[{"name":"wp","href":"https:\/\/api.w.org\/{rel}","templated":true}]}}