{"id":5781,"date":"2020-10-31T22:52:03","date_gmt":"2020-10-31T22:52:03","guid":{"rendered":"https:\/\/www.hipertin.com\/complementos-decoloracion\/"},"modified":"2021-02-02T22:01:05","modified_gmt":"2021-02-02T22:01:05","slug":"complementos-decoloracion","status":"publish","type":"page","link":"https:\/\/www.hipertin.com\/en\/complementos-decoloracion\/","title":{"rendered":"Complementos Decoloraci\u00f3n"},"content":{"rendered":"<div id='av_section_1'  class='avia-section alternate_color avia-section-default avia-no-border-styling  avia-bg-style-scroll  avia-builder-el-0  el_before_av_section  avia-builder-el-first   container_wrap sidebar_right' style=' '  ><div class='container' ><main  role=\"main\" itemprop=\"mainContentOfPage\"  class='template-page content  av-content-small alpha units'><div class='post-entry post-entry-type-page post-entry-5781'><div class='entry-content-wrapper clearfix'>\n<section class=\"av_textblock_section \"  itemscope=\"itemscope\" itemtype=\"https:\/\/schema.org\/CreativeWork\" ><div class='avia_textblock  '   itemprop=\"text\" ><p style=\"text-align: center;\">CON\u00d3CENOS<\/p>\n<p style=\"text-align: center;\"><strong><span style=\"color: #000000;\">SOBRE NOSOTROS<\/span><\/strong><\/p>\n<\/div><\/section>\n\n<\/div><\/div><\/main><!-- close content main element --><\/div><\/div><div id='av_section_2'  class='avia-section main_color avia-section-no-padding avia-no-border-styling  avia-bg-style-scroll  avia-builder-el-2  el_after_av_section  el_before_av_section   container_wrap sidebar_right' style=' '  ><div class='container' ><div class='template-page content  av-content-small alpha units'><div class='post-entry post-entry-type-page post-entry-5781'><div class='entry-content-wrapper clearfix'>\n<div class='flex_column_table av-equal-height-column-flextable -flextable' ><div class=\"flex_column av_one_half  no_margin flex_column_table_cell av-equal-height-column av-align-middle first  avia-builder-el-3  el_before_av_one_half  avia-builder-el-first  \" style='background: #39454c; padding:0px 5% 0px 15% ; background-color:#39454c; border-radius:0px; '><section class=\"av_textblock_section \"  itemscope=\"itemscope\" itemtype=\"https:\/\/schema.org\/CreativeWork\" ><div class='avia_textblock  av_inherit_color '  style='color:#ffffff; '  itemprop=\"text\" ><h5>Orgullosos de nuestro pasado decimos:<\/h5>\n<\/div><\/section><br \/>\n<section class=\"av_textblock_section \"  itemscope=\"itemscope\" itemtype=\"https:\/\/schema.org\/CreativeWork\" ><div class='avia_textblock  av_inherit_color '  style='color:#b3b2b2; '  itemprop=\"text\" ><p><font size=17>#hola<\/font size><\/p>\n<p><font size=17><strong>experiencia<\/strong><\/font size><\/p>\n<p style=\"padding-left: 80px;\">\n<\/div><\/section><br \/>\n<section class=\"av_textblock_section \"  itemscope=\"itemscope\" itemtype=\"https:\/\/schema.org\/CreativeWork\" ><div class='avia_textblock  av_inherit_color '  style='color:#ffffff; '  itemprop=\"text\" ><p style=\"text-align: justify;\">S\u00ed, reivindicamos nuestro pasado.<\/p>\n<p style=\"text-align: justify;\">M\u00e1s de 75 a\u00f1os nos han hecho crecer, especializarnos, convertirnos en la empresa referente en cosm\u00e9tica capilar profesional. Porque solo con unas buenas ra\u00edces se puede proyectar un futuro s\u00f3lido. Estamos preparados para seguir avanzando.<\/p>\n<p style=\"text-align: justify;\">Avanzando juntos.<\/p>\n<\/div><\/section><\/p><\/div><div class=\"flex_column av_one_half  no_margin flex_column_table_cell av-equal-height-column av-align-middle av-zero-column-padding   \" style='border-radius:0px; '><div  class='avia-image-container  av-styling-no-styling    avia-builder-el-4  el_before_av_textblock  avia-builder-el-first  avia-align-center '  itemprop=\"image\" itemscope=\"itemscope\" itemtype=\"https:\/\/schema.org\/ImageObject\"  ><div class='avia-image-container-inner'><div class='avia-image-overlay-wrap'><img decoding=\"async\" class='wp-image-5214 avia-img-lazy-loading-not-5214 avia_image' src=\"https:\/\/www.hipertin.com\/wp-content\/uploads\/2020\/10\/sede-hipertin.png\" alt='Hipertin Headquarters' title='Hipertin Headquarters' height=\"714\" width=\"966\"  itemprop=\"thumbnailUrl\" srcset=\"https:\/\/www.hipertin.com\/wp-content\/uploads\/2020\/10\/sede-hipertin.png 966w, https:\/\/www.hipertin.com\/wp-content\/uploads\/2020\/10\/sede-hipertin-300x222.png 300w, https:\/\/www.hipertin.com\/wp-content\/uploads\/2020\/10\/sede-hipertin-768x568.png 768w, https:\/\/www.hipertin.com\/wp-content\/uploads\/2020\/10\/sede-hipertin-705x521.png 705w\" sizes=\"(max-width: 966px) 100vw, 966px\" \/><\/div><\/div><\/div><\/div><\/div><!--close column table wrapper. Autoclose: 1 --><\/div><\/div><\/div><!-- close content main div --><\/div><\/div><div id='av_section_3'  class='avia-section main_color avia-section-default avia-no-border-styling  avia-bg-style-scroll   container_wrap sidebar_right' style=' '  ><div class='container' ><div class='template-page content  av-content-small alpha units'><div class='post-entry post-entry-type-page post-entry-5781'><div class='entry-content-wrapper clearfix'>\n<div class=\"flex_column av_one_full  flex_column_div av-zero-column-padding first  \" style='border-radius:0px; '><div  id=\"avia-timeline-1\"  class='avia-timeline-container   ' ><ul class='avia-timeline avia-timeline-vertical av-milestone-placement-alternate avia-timeline- avia_animate_when_almost_visible avia-timeline-animate'>\n<li  class='av-milestone av-animated-generic fade-in av-milestone-odd  av-milestone-valign-baseline '><h2 class='av-milestone-date  '  id='milestone-1944'><strong>1944<span class='av-milestone-indicator'><\/span><\/strong><\/h2><div class=\"av-milestone-icon-wrap\"><span class='milestone_icon milestone-icon-hasborder' ><span class='milestone_inner' style='background-image:url(https:\/\/www.hipertin.com\/wp-content\/uploads\/2020\/10\/nace_hipertin.png); '>&nbsp;<\/span><\/span><\/div><article class='av-milestone-content-wrap'><div class='av-milestone-contentbox' ><header class=\"entry-content-header\"><h4  class=' '>Nace HIPERTIN<\/h4><\/header><div class='av-milestone-content' ><p style=\"text-align: justify;\">Apertura de un peque\u00f1o taller en la calle Escultor Llimona en Barcelona: se inicia la producci\u00f3n a peque\u00f1a escala del que ser\u00eda el primer producto de Hipertin: la permanente Curly. El joven equipo del taller, apasionados del cine y amantes de la belleza, fijan su atenci\u00f3n en las tendencias que llegan a Espa\u00f1a desde Par\u00eds y Estados Unidos. Nace una empresa experta en cosm\u00e9tica capilar profesional, y con vocaci\u00f3n de liderazgo. Maravillados con la posibilidad de cambiar el color del cabello, rejuveneciendo la imagen de la mujer, centran todos sus esfuerzos en la invenci\u00f3n de una f\u00f3rmula de colorante en crema capilar. De todo ello nace al poco tiempo el incombustible \u201cAltamente Decolorante\u201d. Conscientes de la magnitud del proyecto, deciden dar un paso adelante y dar el empuj\u00f3n definitivo a la compa\u00f1\u00eda. A finales de los a\u00f1os cuarenta se incorpora al equipo el que ser\u00eda el gran motor del proyecto: <strong>Juan \u00c1ngeles<\/strong>.<\/p>\n<\/div><\/div><footer  class='entry-footer'><\/footer><\/article><\/li>\n<li  class='av-milestone av-animated-generic fade-in av-milestone-even  av-milestone-valign-baseline '><h2 class='av-milestone-date  '  id='milestone-1960'><strong>1960<span class='av-milestone-indicator'><\/span><\/strong><\/h2><article class='av-milestone-content-wrap'><div class='av-milestone-contentbox' ><header class=\"entry-content-header\"><h4  class=' '>El crecimiento<\/h4><\/header><div class='av-milestone-content' ><p style=\"text-align: justify;\">Es entonces cuando la empresa pasa a llamarse <strong>HIPERTIN<\/strong>, nombre que hace referencia al sue\u00f1o de formular y crear \u201cel mejor tinte capilar\u201d y de ser la marca de referencia en el segmento de la coloraci\u00f3n. A partir de este momento la empresa centra la mayor parte de su actividad y sus recursos en la investigaci\u00f3n y el desarrollo de f\u00f3rmulas colorantes cosm\u00e9ticas. La relaci\u00f3n de Hipertin con los profesionales empieza a afianzarse. A\u00f1o tras a\u00f1o, la marca se consolida no solo por su excelente formulaci\u00f3n, sino por la fidelidad hacia el profesional que define su modus operandi.<\/p>\n<\/div><\/div><footer  class='entry-footer'><\/footer><\/article><div class=\"av-milestone-icon-wrap\"><span class='milestone_icon milestone-icon-hasborder' ><span class='milestone_inner' style='background-image:url(https:\/\/www.hipertin.com\/wp-content\/uploads\/2020\/10\/crecimineto.png); '>&nbsp;<\/span><\/span><\/div><h2 class='av-milestone-date  '  id='milestone-1960'><strong>1960<span class='av-milestone-indicator'><\/span><\/strong><\/h2><\/li>\n<li  class='av-milestone av-animated-generic fade-in av-milestone-odd  av-milestone-valign-baseline '><h2 class='av-milestone-date  '  id='milestone-1987'><strong>1987<span class='av-milestone-indicator'><\/span><\/strong><\/h2><div class=\"av-milestone-icon-wrap\"><span class='milestone_icon milestone-icon-hasborder' ><span class='milestone_inner' style='background-image:url(https:\/\/www.hipertin.com\/wp-content\/uploads\/2020\/10\/consolidacion.png); '>&nbsp;<\/span><\/span><\/div><article class='av-milestone-content-wrap'><div class='av-milestone-contentbox' ><header class=\"entry-content-header\"><h4  class=' '>La consolidaci\u00f3n<\/h4><\/header><div class='av-milestone-content' ><p>Traslado de la empresa a la gran nave de Barber\u00e0 del Vall\u00e9s.<\/p>\n<p>A mayor espacio, mayor capacidad de innovaci\u00f3n y proyecci\u00f3n.<\/p>\n<p>Y todas las predicciones se cumplieron.<\/p>\n<\/div><\/div><footer  class='entry-footer'><\/footer><\/article><\/li>\n<li  class='av-milestone av-animated-generic fade-in av-milestone-even  av-milestone-valign-baseline '><h2 class='av-milestone-date  '  id='milestone-2012-2015'><strong>2012-2015<span class='av-milestone-indicator'><\/span><\/strong><\/h2><article class='av-milestone-content-wrap'><div class='av-milestone-contentbox' ><header class=\"entry-content-header\"><h4  class=' '>El camino a la excelencia<\/h4><\/header><div class='av-milestone-content' ><p style=\"text-align: left;\">Encadenamos durante a\u00f1os lanzamientos y mejora de productos que nos acercan a la excelencia y nos convierten en el partner de confianza de los profesionales.<\/p>\n<p style=\"text-align: left;\"><strong>2002<\/strong>. Lanzamiento del Tinte Utopik.<br \/>\n<strong>2004<\/strong>. Renovaci\u00f3n del packaging de Linecure.<br \/>\n<strong> 2009<\/strong>. Obtenci\u00f3n del certificado EMAS.<br \/>\n<strong>2011<\/strong>. Obtenci\u00f3n de los certificados ISO. 2013. Nuevos reactores y salas blancas.<br \/>\n<strong>2015<\/strong>. Lanzamiento del tinte Platinum. Y obtenci\u00f3n del reconocimiento EMAS BRONCE.<\/p>\n<\/div><\/div><footer  class='entry-footer'><\/footer><\/article><div class=\"av-milestone-icon-wrap\"><span class='milestone_icon milestone-icon-hasborder' ><span class='milestone_inner' style='background-image:url(https:\/\/www.hipertin.com\/wp-content\/uploads\/2020\/10\/excelencia.png); '>&nbsp;<\/span><\/span><\/div><h2 class='av-milestone-date  '  id='milestone-2012-2015'><strong>2012-2015<span class='av-milestone-indicator'><\/span><\/strong><\/h2><\/li>\n<li  class='av-milestone av-animated-generic fade-in av-milestone-odd  av-milestone-valign-baseline '><h2 class='av-milestone-date  '  id='milestone-2015-2018'><strong>2015-2018<span class='av-milestone-indicator'><\/span><\/strong><\/h2><div class=\"av-milestone-icon-wrap\"><span class='milestone_icon milestone-icon-hasborder' ><span class='milestone_inner' style='background-image:url(https:\/\/www.hipertin.com\/wp-content\/uploads\/2020\/10\/expansion.png); '>&nbsp;<\/span><\/span><\/div><article class='av-milestone-content-wrap'><div class='av-milestone-contentbox' ><header class=\"entry-content-header\"><h4  class=' '>Inversiones que nos impulsan<\/h4><\/header><div class='av-milestone-content' ><p style=\"text-align: left;\">Recogemos los frutos del Plan de Expansi\u00f3n Internacional.<\/p>\n<p style=\"text-align: left;\"><strong>2015<\/strong>. La expansi\u00f3n internacional es ya una realidad. Implantaci\u00f3n en m\u00e1s de 50 pa\u00edses de todo el mundo.<br \/>\n<strong>2016<\/strong>. Nueva maquinaria: multiplicamos nuestra capacidad de producci\u00f3n y mejoramos la adaptabilidad a formatos de tubo.<br \/>\n<strong>2017<\/strong>. Nuevos equipos de refrigeraci\u00f3n de reactores.<br \/>\n<strong>2018<\/strong>. Seguimos invirtiendo: nuevos reactores con m\u00e1s capacidad. de 3000 ml.<\/p>\n<\/div><\/div><footer  class='entry-footer'><\/footer><\/article><\/li>\n<li  class='av-milestone av-animated-generic fade-in av-milestone-even  av-milestone-valign-baseline '><h2 class='av-milestone-date  '  id='milestone-2019'><strong>2019<span class='av-milestone-indicator'><\/span><\/strong><\/h2><article class='av-milestone-content-wrap'><div class='av-milestone-contentbox' ><div class='av-milestone-content' ><p style=\"text-align: left;\"><strong>MAYOR ESPACIO<\/strong>. Nueva nave almac\u00e9n Hipertin.<br \/>\n<strong> NUEVOS LOOKS<\/strong>. Relanzamiento de la nueva l\u00ednea HI Style.<\/p>\n<\/div><\/div><footer  class='entry-footer'><\/footer><\/article><div class=\"av-milestone-icon-wrap\"><span class='milestone_icon milestone-icon-hasborder' ><span class='milestone_inner' style='background-image:url(https:\/\/www.hipertin.com\/wp-content\/uploads\/2020\/10\/nuevo_almacen.png); '>&nbsp;<\/span><\/span><\/div><h2 class='av-milestone-date  '  id='milestone-2019'><strong>2019<span class='av-milestone-indicator'><\/span><\/strong><\/h2><\/li>\n<li  class='av-milestone av-animated-generic fade-in av-milestone-odd  av-milestone-valign-baseline '><h2 class='av-milestone-date  '  id='milestone-2020'><strong>2020<span class='av-milestone-indicator'><\/span><\/strong><\/h2><div class=\"av-milestone-icon-wrap\"><span class='milestone_icon milestone-icon-hasborder' ><span class='milestone_inner' style='background-image:url(https:\/\/www.hipertin.com\/wp-content\/uploads\/2020\/10\/higiene.png); '>&nbsp;<\/span><\/span><\/div><article class='av-milestone-content-wrap'><div class='av-milestone-contentbox' ><div class='av-milestone-content' ><p><strong>RELANZAMIENTO DE LA L\u00cdNEA LINECURE.<\/strong><br \/>\nHipertin con las nuevas tendencias de consumo relanzando la nueva l\u00ednea vegana Linecure.<br \/>\n<strong>NUEVA L\u00cdNEA HIGIENE<\/strong>. El 2020 est\u00e1 siendo un a\u00f1o peculiar, sin duda, no dejar\u00e1 indiferente a nadie, donde la adaptaci\u00f3n a las necesidades del mercado son claves para el desarrollo de la marca. Lanzamiento de la l\u00ednea de Geles y Sprays Hidroalcoh\u00f3licos.<\/p>\n<\/div><\/div><footer  class='entry-footer'><\/footer><\/article><\/li>\n<li  class='av-milestone av-animated-generic fade-in av-milestone-even  av-milestone-valign-middle '><h2 class='av-milestone-date  '  id='milestone-nos-acompanas'><strong>\u00bfNos acompa\u00f1as?<span class='av-milestone-indicator'><\/span><\/strong><\/h2><article class='av-milestone-content-wrap'><div class='av-milestone-contentbox' ><div class='av-milestone-content' ><p><img decoding=\"async\" loading=\"lazy\" class=\"alignnone size-medium wp-image-5224\" src=\"https:\/\/www.hipertin.com\/wp-content\/uploads\/2020\/10\/hola_futuro-300x131.png\" alt=\"\" width=\"300\" height=\"131\" srcset=\"https:\/\/www.hipertin.com\/wp-content\/uploads\/2020\/10\/hola_futuro-300x131.png 300w, https:\/\/www.hipertin.com\/wp-content\/uploads\/2020\/10\/hola_futuro.png 410w\" sizes=\"(max-width: 300px) 100vw, 300px\" \/><\/p>\n<\/div><\/div><footer  class='entry-footer'><\/footer><\/article><div class=\"av-milestone-icon-wrap\"><span class='milestone_icon milestone-icon-hasborder' ><span class='milestone_inner' style='background-image:url(https:\/\/www.hipertin.com\/wp-content\/uploads\/2020\/10\/futuro-300x300.png); '>&nbsp;<\/span><\/span><\/div><h2 class='av-milestone-date  '  id='milestone-nos-acompanas'><strong>\u00bfNos acompa\u00f1as?<span class='av-milestone-indicator'><\/span><\/strong><\/h2><\/li>\n<\/ul><\/div><\/div><\/div><\/div><\/div><!-- close content main div --><\/div><\/div><div id='after_section_3'  class='main_color av_default_container_wrap container_wrap sidebar_right' style=' '  ><div class='container' ><div class='template-page content  av-content-small alpha units'><div class='post-entry post-entry-type-page post-entry-5781'><div class='entry-content-wrapper clearfix'><\/p>\n","protected":false},"excerpt":{"rendered":"","protected":false},"author":1,"featured_media":0,"parent":0,"menu_order":0,"comment_status":"closed","ping_status":"closed","template":"","meta":{"footnotes":""},"yoast_head":"<!-- This site is optimized with the Yoast SEO plugin v22.3 - https:\/\/yoast.com\/wordpress\/plugins\/seo\/ -->\n<title>Complementos Decoloraci\u00f3n - HIPERTIN<\/title>\n<meta name=\"robots\" content=\"index, follow, max-snippet:-1, max-image-preview:large, max-video-preview:-1\" \/>\n<link rel=\"canonical\" href=\"https:\/\/www.hipertin.com\/en\/complementos-decoloracion\/\" \/>\n<meta property=\"og:locale\" content=\"en_US\" \/>\n<meta property=\"og:type\" content=\"article\" \/>\n<meta property=\"og:title\" content=\"Complementos Decoloraci\u00f3n - HIPERTIN\" \/>\n<meta property=\"og:url\" content=\"https:\/\/www.hipertin.com\/en\/complementos-decoloracion\/\" \/>\n<meta property=\"og:site_name\" content=\"HIPERTIN\" \/>\n<meta property=\"article:publisher\" content=\"https:\/\/es-es.facebook.com\/pg\/HipertinOfficial\/\" \/>\n<meta property=\"article:modified_time\" content=\"2021-02-02T22:01:05+00:00\" \/>\n<meta property=\"og:image\" content=\"https:\/\/www.hipertin.com\/wp-content\/uploads\/2020\/10\/hola_futuro-300x131.png\" \/>\n<meta name=\"twitter:label1\" content=\"Est. reading time\" \/>\n\t<meta name=\"twitter:data1\" content=\"5 minutes\" \/>\n<script type=\"application\/ld+json\" class=\"yoast-schema-graph\">{\"@context\":\"https:\/\/schema.org\",\"@graph\":[{\"@type\":\"WebPage\",\"@id\":\"https:\/\/www.hipertin.com\/en\/complementos-decoloracion\/\",\"url\":\"https:\/\/www.hipertin.com\/en\/complementos-decoloracion\/\",\"name\":\"Complementos Decoloraci\u00f3n - HIPERTIN\",\"isPartOf\":{\"@id\":\"https:\/\/www.hipertin.com\/en\/#website\"},\"primaryImageOfPage\":{\"@id\":\"https:\/\/www.hipertin.com\/en\/complementos-decoloracion\/#primaryimage\"},\"image\":{\"@id\":\"https:\/\/www.hipertin.com\/en\/complementos-decoloracion\/#primaryimage\"},\"thumbnailUrl\":\"https:\/\/www.hipertin.com\/wp-content\/uploads\/2020\/10\/hola_futuro-300x131.png\",\"datePublished\":\"2020-10-31T22:52:03+00:00\",\"dateModified\":\"2021-02-02T22:01:05+00:00\",\"breadcrumb\":{\"@id\":\"https:\/\/www.hipertin.com\/en\/complementos-decoloracion\/#breadcrumb\"},\"inLanguage\":\"en-US\",\"potentialAction\":[{\"@type\":\"ReadAction\",\"target\":[\"https:\/\/www.hipertin.com\/en\/complementos-decoloracion\/\"]}]},{\"@type\":\"ImageObject\",\"inLanguage\":\"en-US\",\"@id\":\"https:\/\/www.hipertin.com\/en\/complementos-decoloracion\/#primaryimage\",\"url\":\"https:\/\/www.hipertin.com\/wp-content\/uploads\/2020\/10\/hola_futuro.png\",\"contentUrl\":\"https:\/\/www.hipertin.com\/wp-content\/uploads\/2020\/10\/hola_futuro.png\",\"width\":410,\"height\":179,\"caption\":\"Hola Futuro\"},{\"@type\":\"BreadcrumbList\",\"@id\":\"https:\/\/www.hipertin.com\/en\/complementos-decoloracion\/#breadcrumb\",\"itemListElement\":[{\"@type\":\"ListItem\",\"position\":1,\"name\":\"Portada\",\"item\":\"https:\/\/www.hipertin.com\/en\/\"},{\"@type\":\"ListItem\",\"position\":2,\"name\":\"Complementos Decoloraci\u00f3n\"}]},{\"@type\":\"WebSite\",\"@id\":\"https:\/\/www.hipertin.com\/en\/#website\",\"url\":\"https:\/\/www.hipertin.com\/en\/\",\"name\":\"HIPERTIN\",\"description\":\"HOLA - \u00bfNos inspiramos?\",\"publisher\":{\"@id\":\"https:\/\/www.hipertin.com\/en\/#organization\"},\"potentialAction\":[{\"@type\":\"SearchAction\",\"target\":{\"@type\":\"EntryPoint\",\"urlTemplate\":\"https:\/\/www.hipertin.com\/en\/?s={search_term_string}\"},\"query-input\":\"required name=search_term_string\"}],\"inLanguage\":\"en-US\"},{\"@type\":\"Organization\",\"@id\":\"https:\/\/www.hipertin.com\/en\/#organization\",\"name\":\"HIPERTIN, S.A.\",\"url\":\"https:\/\/www.hipertin.com\/en\/\",\"logo\":{\"@type\":\"ImageObject\",\"inLanguage\":\"en-US\",\"@id\":\"https:\/\/www.hipertin.com\/en\/#\/schema\/logo\/image\/\",\"url\":\"https:\/\/www.hipertin.com\/wp-content\/uploads\/logo-hi.jpg\",\"contentUrl\":\"https:\/\/www.hipertin.com\/wp-content\/uploads\/logo-hi.jpg\",\"width\":200,\"height\":200,\"caption\":\"HIPERTIN, S.A.\"},\"image\":{\"@id\":\"https:\/\/www.hipertin.com\/en\/#\/schema\/logo\/image\/\"},\"sameAs\":[\"https:\/\/es-es.facebook.com\/pg\/HipertinOfficial\/\",\"https:\/\/www.instagram.com\/hipertin_official\/\",\"https:\/\/es.linkedin.com\/company\/hipertin\",\"https:\/\/www.youtube.com\/channel\/UClDdByjzx9pEUt7PPpySYSg\"]}]}<\/script>\n<!-- \/ Yoast SEO plugin. -->","yoast_head_json":{"title":"Complementos Decoloraci\u00f3n - HIPERTIN","robots":{"index":"index","follow":"follow","max-snippet":"max-snippet:-1","max-image-preview":"max-image-preview:large","max-video-preview":"max-video-preview:-1"},"canonical":"https:\/\/www.hipertin.com\/en\/complementos-decoloracion\/","og_locale":"en_US","og_type":"article","og_title":"Complementos Decoloraci\u00f3n - HIPERTIN","og_url":"https:\/\/www.hipertin.com\/en\/complementos-decoloracion\/","og_site_name":"HIPERTIN","article_publisher":"https:\/\/es-es.facebook.com\/pg\/HipertinOfficial\/","article_modified_time":"2021-02-02T22:01:05+00:00","og_image":[{"url":"https:\/\/www.hipertin.com\/wp-content\/uploads\/2020\/10\/hola_futuro-300x131.png"}],"twitter_misc":{"Est. reading time":"5 minutes"},"schema":{"@context":"https:\/\/schema.org","@graph":[{"@type":"WebPage","@id":"https:\/\/www.hipertin.com\/en\/complementos-decoloracion\/","url":"https:\/\/www.hipertin.com\/en\/complementos-decoloracion\/","name":"Complementos Decoloraci\u00f3n - HIPERTIN","isPartOf":{"@id":"https:\/\/www.hipertin.com\/en\/#website"},"primaryImageOfPage":{"@id":"https:\/\/www.hipertin.com\/en\/complementos-decoloracion\/#primaryimage"},"image":{"@id":"https:\/\/www.hipertin.com\/en\/complementos-decoloracion\/#primaryimage"},"thumbnailUrl":"https:\/\/www.hipertin.com\/wp-content\/uploads\/2020\/10\/hola_futuro-300x131.png","datePublished":"2020-10-31T22:52:03+00:00","dateModified":"2021-02-02T22:01:05+00:00","breadcrumb":{"@id":"https:\/\/www.hipertin.com\/en\/complementos-decoloracion\/#breadcrumb"},"inLanguage":"en-US","potentialAction":[{"@type":"ReadAction","target":["https:\/\/www.hipertin.com\/en\/complementos-decoloracion\/"]}]},{"@type":"ImageObject","inLanguage":"en-US","@id":"https:\/\/www.hipertin.com\/en\/complementos-decoloracion\/#primaryimage","url":"https:\/\/www.hipertin.com\/wp-content\/uploads\/2020\/10\/hola_futuro.png","contentUrl":"https:\/\/www.hipertin.com\/wp-content\/uploads\/2020\/10\/hola_futuro.png","width":410,"height":179,"caption":"Hola Futuro"},{"@type":"BreadcrumbList","@id":"https:\/\/www.hipertin.com\/en\/complementos-decoloracion\/#breadcrumb","itemListElement":[{"@type":"ListItem","position":1,"name":"Portada","item":"https:\/\/www.hipertin.com\/en\/"},{"@type":"ListItem","position":2,"name":"Complementos Decoloraci\u00f3n"}]},{"@type":"WebSite","@id":"https:\/\/www.hipertin.com\/en\/#website","url":"https:\/\/www.hipertin.com\/en\/","name":"HIPERTIN","description":"HOLA - \u00bfNos inspiramos?","publisher":{"@id":"https:\/\/www.hipertin.com\/en\/#organization"},"potentialAction":[{"@type":"SearchAction","target":{"@type":"EntryPoint","urlTemplate":"https:\/\/www.hipertin.com\/en\/?s={search_term_string}"},"query-input":"required name=search_term_string"}],"inLanguage":"en-US"},{"@type":"Organization","@id":"https:\/\/www.hipertin.com\/en\/#organization","name":"HIPERTIN, S.A.","url":"https:\/\/www.hipertin.com\/en\/","logo":{"@type":"ImageObject","inLanguage":"en-US","@id":"https:\/\/www.hipertin.com\/en\/#\/schema\/logo\/image\/","url":"https:\/\/www.hipertin.com\/wp-content\/uploads\/logo-hi.jpg","contentUrl":"https:\/\/www.hipertin.com\/wp-content\/uploads\/logo-hi.jpg","width":200,"height":200,"caption":"HIPERTIN, S.A."},"image":{"@id":"https:\/\/www.hipertin.com\/en\/#\/schema\/logo\/image\/"},"sameAs":["https:\/\/es-es.facebook.com\/pg\/HipertinOfficial\/","https:\/\/www.instagram.com\/hipertin_official\/","https:\/\/es.linkedin.com\/company\/hipertin","https:\/\/www.youtube.com\/channel\/UClDdByjzx9pEUt7PPpySYSg"]}]}},"_links":{"self":[{"href":"https:\/\/www.hipertin.com\/en\/wp-json\/wp\/v2\/pages\/5781"}],"collection":[{"href":"https:\/\/www.hipertin.com\/en\/wp-json\/wp\/v2\/pages"}],"about":[{"href":"https:\/\/www.hipertin.com\/en\/wp-json\/wp\/v2\/types\/page"}],"author":[{"embeddable":true,"href":"https:\/\/www.hipertin.com\/en\/wp-json\/wp\/v2\/users\/1"}],"replies":[{"embeddable":true,"href":"https:\/\/www.hipertin.com\/en\/wp-json\/wp\/v2\/comments?post=5781"}],"version-history":[{"count":0,"href":"https:\/\/www.hipertin.com\/en\/wp-json\/wp\/v2\/pages\/5781\/revisions"}],"wp:attachment":[{"href":"https:\/\/www.hipertin.com\/en\/wp-json\/wp\/v2\/media?parent=5781"}],"curies":[{"name":"wp","href":"https:\/\/api.w.org\/{rel}","templated":true}]}}