{"id":731,"date":"2013-04-01T15:37:39","date_gmt":"2013-04-01T15:37:39","guid":{"rendered":"http:\/\/www.kriesi.at\/themes\/enfold\/?page_id=731"},"modified":"2021-10-05T09:26:43","modified_gmt":"2021-10-05T09:26:43","slug":"blog","status":"publish","type":"page","link":"https:\/\/www.hipertin.com\/en\/blog\/","title":{"rendered":"Blog"},"content":{"rendered":"<\/p>\n<div id='av_section_1'  class='avia-section main_color avia-section-default avia-no-border-styling  avia-bg-style-scroll  avia-builder-el-0  el_before_av_section  avia-builder-el-first   container_wrap sidebar_right' style=' '  ><div class='container' ><main  role=\"main\" itemprop=\"mainContentOfPage\"  class='template-page content  av-content-small alpha units'><div class='post-entry post-entry-type-page post-entry-731'><div class='entry-content-wrapper clearfix'>\n<div class=\"flex_column av_one_full  flex_column_div av-zero-column-padding first  avia-builder-el-1  avia-builder-el-no-sibling  \" style='border-radius:0px; '><section class=\"av_textblock_section \"  itemscope=\"itemscope\" itemtype=\"https:\/\/schema.org\/CreativeWork\" ><div class='avia_textblock  '   itemprop=\"text\" ><h2 style=\"text-align: center;\"><a href=\"https:\/\/www.hipertin.com\/\">HIPERTIN<\/a><\/h2>\n<h1 style=\"text-align: center;\"><strong><span style=\"color: #000000;\">BLOG<\/span><\/strong><\/h1>\n<\/div><\/section><\/div>\n\n<\/div><\/div><\/main><!-- close content main element --><\/div><\/div><div id='av_section_2'  class='avia-section main_color avia-section-no-padding avia-no-border-styling  avia-bg-style-scroll  avia-builder-el-3  el_after_av_section  avia-builder-el-last   container_wrap sidebar_right' style=' '  ><div class='container' ><div class='template-page content  av-content-small alpha units'><div class='post-entry post-entry-type-page post-entry-731'><div class='entry-content-wrapper clearfix'>\n<div  class='av-alb-blogposts template-blog  av-blog-meta-author-disabled av-blog-meta-comments-disabled av-blog-meta-category-disabled av-blog-meta-date-disabled '  itemscope=\"itemscope\" itemtype=\"https:\/\/schema.org\/Blog\" ><article class='post-entry post-entry-type-standard post-entry-16751 post-loop-1 post-parity-odd single-big with-slider post-16751 post type-post status-publish format-standard has-post-thumbnail hentry category-posts'  itemscope=\"itemscope\" itemtype=\"https:\/\/schema.org\/BlogPosting\" ><div class='blog-meta'><\/div><div class='entry-content-wrapper clearfix standard-content'><header class=\"entry-content-header\"><div class=\"av-heading-wrapper\"><span class=\"blog-categories minor-meta\"><a href=\"https:\/\/www.hipertin.com\/en\/category\/posts\/\" rel=\"tag\">Posts<\/a> <\/span><h2 class='post-title entry-title '  itemprop=\"headline\" >\t<a href='https:\/\/www.hipertin.com\/en\/hipertin-group-contribuyendo-al-bienestar-infantil-a-traves-de-su-participacion-en-la-21a-cena-benefica-casa-ronald-mcdonald-barcelona\/' rel='bookmark' title='Permanent Link: Hipertin Group: Contribuyendo al Bienestar Infantil a trav\u00e9s de su Participaci\u00f3n en la 21\u00aa Cena Ben\u00e9fica Casa Ronald McDonald Barcelona'>Hipertin Group: Contribuyendo al Bienestar Infantil a trav\u00e9s de su Participaci\u00f3n en la 21\u00aa Cena Ben\u00e9fica Casa Ronald McDonald Barcelona\t\t\t<span class='post-format-icon minor-meta'><\/span>\t<\/a><\/h2><\/div><\/header><span class=\"av-vertical-delimiter\"><\/span><div class=\"big-preview single-big\"  itemprop=\"image\" itemscope=\"itemscope\" itemtype=\"https:\/\/schema.org\/ImageObject\" ><a href=\"https:\/\/www.hipertin.com\/en\/hipertin-group-contribuyendo-al-bienestar-infantil-a-traves-de-su-participacion-en-la-21a-cena-benefica-casa-ronald-mcdonald-barcelona\/\"  title=\"compromiso-con-el-bienestar-infantil\" ><img loading=\"lazy\" width=\"845\" height=\"321\" src=\"https:\/\/www.hipertin.com\/wp-content\/uploads\/compromiso-con-el-bienestar-infantil-845x321.jpg\" class=\"wp-image-16741 avia-img-lazy-loading-16741 attachment-entry_with_sidebar size-entry_with_sidebar wp-post-image\" alt=\"Compromiso con el bienestar infantil Hipertin\" decoding=\"async\" \/><\/a><\/div><div class=\"entry-content\"  itemprop=\"text\" ><p>Solidarity and social commitment are fundamental values that many companies today seek to promote. Hipertin Group has demonstrated its social responsibility over the years and, on this occasion, by participating in the 21st Charity Dinner of Casa Ronald McDonald Barcelona&#8230;<\/p>\n<div class=\"read-more-link\"><a href=\"https:\/\/www.hipertin.com\/en\/hipertin-group-contribuyendo-al-bienestar-infantil-a-traves-de-su-participacion-en-la-21a-cena-benefica-casa-ronald-mcdonald-barcelona\/\" class=\"more-link\">Read more<span class=\"more-link-arrow\"><\/span><\/a><\/div>\n<\/div><span class='post-meta-infos'><time class='date-container minor-meta updated' >29 de May de 2023<\/time><span class='text-sep text-sep-date'>\/<\/span><span class=\"blog-author minor-meta\">by <span class=\"entry-author-link\"  itemprop=\"author\" ><span class=\"author\"><span class=\"fn\"><a href=\"https:\/\/www.hipertin.com\/en\/author\/eidan\/\" title=\"Posts by eidan\" rel=\"author\">eidan<\/a><\/span><\/span><\/span><\/span><\/span><footer class=\"entry-footer\"><\/footer><div class='post_delimiter'><\/div><\/div><div class='post_author_timeline'><\/div><span class='hidden'>\n\t\t\t\t<span class='av-structured-data'  itemprop=\"image\" itemscope=\"itemscope\" itemtype=\"https:\/\/schema.org\/ImageObject\" >\n\t\t\t\t\t\t<span itemprop='url'>https:\/\/www.hipertin.com\/wp-content\/uploads\/compromiso-con-el-bienestar-infantil.jpg<\/span>\n\t\t\t\t\t\t<span itemprop='height'>430<\/span>\n\t\t\t\t\t\t<span itemprop='width'>900<\/span>\n\t\t\t\t<\/span>\n\t\t\t\t<span class='av-structured-data'  itemprop=\"publisher\" itemtype=\"https:\/\/schema.org\/Organization\" itemscope=\"itemscope\" >\n\t\t\t\t\t\t<span itemprop='name'>eidan<\/span>\n\t\t\t\t\t\t<span itemprop='logo' itemscope itemtype='https:\/\/schema.org\/ImageObject'>\n\t\t\t\t\t\t\t<span itemprop='url'>https:\/\/www.hipertin.com\/wp-content\/uploads\/logo-higiene-HI-home2-1.jpg<\/span>\n\t\t\t\t\t\t <\/span>\n\t\t\t\t<\/span><span class='av-structured-data'  itemprop=\"author\" itemscope=\"itemscope\" itemtype=\"https:\/\/schema.org\/Person\" ><span itemprop='name'>eidan<\/span><\/span><span class='av-structured-data'  itemprop=\"datePublished\" datetime=\"2023-05-29T10:19:26+00:00\" >2023-05-29 10:19:26<\/span><span class='av-structured-data'  itemprop=\"dateModified\" itemtype=\"https:\/\/schema.org\/dateModified\" >2023-05-29 10:28:44<\/span><span class='av-structured-data'  itemprop=\"mainEntityOfPage\" itemtype=\"https:\/\/schema.org\/mainEntityOfPage\" ><span itemprop='name'>Hipertin Group: Contribuyendo al Bienestar Infantil a trav\u00e9s de su Participaci\u00f3n en la 21\u00aa Cena Ben\u00e9fica Casa Ronald McDonald Barcelona<\/span><\/span><\/span><\/article><article class='post-entry post-entry-type-standard post-entry-16606 post-loop-2 post-parity-even single-big with-slider post-16606 post type-post status-publish format-standard has-post-thumbnail hentry category-posts'  itemscope=\"itemscope\" itemtype=\"https:\/\/schema.org\/BlogPosting\" ><div class='blog-meta'><\/div><div class='entry-content-wrapper clearfix standard-content'><header class=\"entry-content-header\"><div class=\"av-heading-wrapper\"><span class=\"blog-categories minor-meta\"><a href=\"https:\/\/www.hipertin.com\/en\/category\/posts\/\" rel=\"tag\">Posts<\/a> <\/span><h2 class='post-title entry-title '  itemprop=\"headline\" >\t<a href='https:\/\/www.hipertin.com\/en\/hair-growth-how-does-the-hair-work\/' rel='bookmark' title='Permanent Link: Hair Growth: How does the hair work?'>Hair Growth: How does the hair work?\t\t\t<span class='post-format-icon minor-meta'><\/span>\t<\/a><\/h2><\/div><\/header><span class=\"av-vertical-delimiter\"><\/span><div class=\"big-preview single-big\"  itemprop=\"image\" itemscope=\"itemscope\" itemtype=\"https:\/\/schema.org\/ImageObject\" ><a href=\"https:\/\/www.hipertin.com\/en\/hair-growth-how-does-the-hair-work\/\"  title=\"crecimiento-del-pelo-como-funciona-nuestro-cabello\" ><img loading=\"lazy\" width=\"845\" height=\"321\" src=\"https:\/\/www.hipertin.com\/wp-content\/uploads\/crecimiento-del-pelo-como-funciona-nuestro-cabello-845x321.jpg\" class=\"wp-image-16597 avia-img-lazy-loading-16597 attachment-entry_with_sidebar size-entry_with_sidebar wp-post-image\" alt=\"Hair loss prevention\" decoding=\"async\" \/><\/a><\/div><div class=\"entry-content\"  itemprop=\"text\" ><p>In this blog post you will find tips and tricks to accelerate hair growth and make your hair look healthier, stronger and shinier.<\/p>\n<div class=\"read-more-link\"><a href=\"https:\/\/www.hipertin.com\/en\/hair-growth-how-does-the-hair-work\/\" class=\"more-link\">Read more<span class=\"more-link-arrow\"><\/span><\/a><\/div>\n<\/div><span class='post-meta-infos'><time class='date-container minor-meta updated' >19 de January de 2023<\/time><span class='text-sep text-sep-date'>\/<\/span><span class=\"blog-author minor-meta\">by <span class=\"entry-author-link\"  itemprop=\"author\" ><span class=\"author\"><span class=\"fn\"><a href=\"https:\/\/www.hipertin.com\/en\/author\/comunicacion\/\" title=\"Posts by HIPERTIN\" rel=\"author\">HIPERTIN<\/a><\/span><\/span><\/span><\/span><\/span><footer class=\"entry-footer\"><\/footer><div class='post_delimiter'><\/div><\/div><div class='post_author_timeline'><\/div><span class='hidden'>\n\t\t\t\t<span class='av-structured-data'  itemprop=\"image\" itemscope=\"itemscope\" itemtype=\"https:\/\/schema.org\/ImageObject\" >\n\t\t\t\t\t\t<span itemprop='url'>https:\/\/www.hipertin.com\/wp-content\/uploads\/crecimiento-del-pelo-como-funciona-nuestro-cabello.jpg<\/span>\n\t\t\t\t\t\t<span itemprop='height'>417<\/span>\n\t\t\t\t\t\t<span itemprop='width'>875<\/span>\n\t\t\t\t<\/span>\n\t\t\t\t<span class='av-structured-data'  itemprop=\"publisher\" itemtype=\"https:\/\/schema.org\/Organization\" itemscope=\"itemscope\" >\n\t\t\t\t\t\t<span itemprop='name'>HIPERTIN<\/span>\n\t\t\t\t\t\t<span itemprop='logo' itemscope itemtype='https:\/\/schema.org\/ImageObject'>\n\t\t\t\t\t\t\t<span itemprop='url'>https:\/\/www.hipertin.com\/wp-content\/uploads\/logo-higiene-HI-home2-1.jpg<\/span>\n\t\t\t\t\t\t <\/span>\n\t\t\t\t<\/span><span class='av-structured-data'  itemprop=\"author\" itemscope=\"itemscope\" itemtype=\"https:\/\/schema.org\/Person\" ><span itemprop='name'>HIPERTIN<\/span><\/span><span class='av-structured-data'  itemprop=\"datePublished\" datetime=\"2023-01-19T10:00:51+00:00\" >2023-01-19 10:00:51<\/span><span class='av-structured-data'  itemprop=\"dateModified\" itemtype=\"https:\/\/schema.org\/dateModified\" >2023-01-19 10:08:38<\/span><span class='av-structured-data'  itemprop=\"mainEntityOfPage\" itemtype=\"https:\/\/schema.org\/mainEntityOfPage\" ><span itemprop='name'>Hair Growth: How does the hair work?<\/span><\/span><\/span><\/article><article class='post-entry post-entry-type-standard post-entry-16369 post-loop-3 post-parity-odd post-entry-last single-big with-slider post-16369 post type-post status-publish format-standard has-post-thumbnail hentry category-posts'  itemscope=\"itemscope\" itemtype=\"https:\/\/schema.org\/BlogPosting\" ><div class='blog-meta'><\/div><div class='entry-content-wrapper clearfix standard-content'><header class=\"entry-content-header\"><div class=\"av-heading-wrapper\"><span class=\"blog-categories minor-meta\"><a href=\"https:\/\/www.hipertin.com\/en\/category\/posts\/\" rel=\"tag\">Posts<\/a> <\/span><h2 class='post-title entry-title '  itemprop=\"headline\" >\t<a href='https:\/\/www.hipertin.com\/en\/hipertin-supports-the-demand-for-a-fair-vat\/' rel='bookmark' title='Permanent Link: Hipertin supports the demand for a fair VAT'>Hipertin supports the demand for a fair VAT\t\t\t<span class='post-format-icon minor-meta'><\/span>\t<\/a><\/h2><\/div><\/header><span class=\"av-vertical-delimiter\"><\/span><div class=\"big-preview single-big\"  itemprop=\"image\" itemscope=\"itemscope\" itemtype=\"https:\/\/schema.org\/ImageObject\" ><a href=\"https:\/\/www.hipertin.com\/en\/hipertin-supports-the-demand-for-a-fair-vat\/\"  title=\"COMUNICADO BLOG ENG\" ><img loading=\"lazy\" width=\"845\" height=\"321\" src=\"https:\/\/www.hipertin.com\/wp-content\/uploads\/COMUNICADO-BLOG-ENG-845x321.png\" class=\"wp-image-16399 avia-img-lazy-loading-16399 attachment-entry_with_sidebar size-entry_with_sidebar wp-post-image\" alt=\"Comunicado iva justo\" decoding=\"async\" \/><\/a><\/div><div class=\"entry-content\"  itemprop=\"text\" ><p>At Hipertin we join the companies in the hairdressing and aesthetics sector united by the demand for a fair VAT, together with @Stanpa.<\/p>\n<div class=\"read-more-link\"><a href=\"https:\/\/www.hipertin.com\/en\/hipertin-supports-the-demand-for-a-fair-vat\/\" class=\"more-link\">Read more<span class=\"more-link-arrow\"><\/span><\/a><\/div>\n<\/div><span class='post-meta-infos'><time class='date-container minor-meta updated' >24 de October de 2022<\/time><span class='text-sep text-sep-date'>\/<\/span><span class=\"blog-author minor-meta\">by <span class=\"entry-author-link\"  itemprop=\"author\" ><span class=\"author\"><span class=\"fn\"><a href=\"https:\/\/www.hipertin.com\/en\/author\/comunicacion\/\" title=\"Posts by HIPERTIN\" rel=\"author\">HIPERTIN<\/a><\/span><\/span><\/span><\/span><\/span><footer class=\"entry-footer\"><\/footer><div class='post_delimiter'><\/div><\/div><div class='post_author_timeline'><\/div><span class='hidden'>\n\t\t\t\t<span class='av-structured-data'  itemprop=\"image\" itemscope=\"itemscope\" itemtype=\"https:\/\/schema.org\/ImageObject\" >\n\t\t\t\t\t\t<span itemprop='url'>https:\/\/www.hipertin.com\/wp-content\/uploads\/COMUNICADO-BLOG-ENG.png<\/span>\n\t\t\t\t\t\t<span itemprop='height'>417<\/span>\n\t\t\t\t\t\t<span itemprop='width'>875<\/span>\n\t\t\t\t<\/span>\n\t\t\t\t<span class='av-structured-data'  itemprop=\"publisher\" itemtype=\"https:\/\/schema.org\/Organization\" itemscope=\"itemscope\" >\n\t\t\t\t\t\t<span itemprop='name'>HIPERTIN<\/span>\n\t\t\t\t\t\t<span itemprop='logo' itemscope itemtype='https:\/\/schema.org\/ImageObject'>\n\t\t\t\t\t\t\t<span itemprop='url'>https:\/\/www.hipertin.com\/wp-content\/uploads\/logo-higiene-HI-home2-1.jpg<\/span>\n\t\t\t\t\t\t <\/span>\n\t\t\t\t<\/span><span class='av-structured-data'  itemprop=\"author\" itemscope=\"itemscope\" itemtype=\"https:\/\/schema.org\/Person\" ><span itemprop='name'>HIPERTIN<\/span><\/span><span class='av-structured-data'  itemprop=\"datePublished\" datetime=\"2022-10-24T10:20:47+00:00\" >2022-10-24 10:20:47<\/span><span class='av-structured-data'  itemprop=\"dateModified\" itemtype=\"https:\/\/schema.org\/dateModified\" >2022-10-25 10:21:39<\/span><span class='av-structured-data'  itemprop=\"mainEntityOfPage\" itemtype=\"https:\/\/schema.org\/mainEntityOfPage\" ><span itemprop='name'>Hipertin supports the demand for a fair VAT<\/span><\/span><\/span><\/article><div class='single-big'><nav class='pagination'><span class='pagination-meta'>Page 1 of 2<\/span><span class='current'>1<\/span><a href='https:\/\/www.hipertin.com\/en\/wp-json\/wp\/v2\/pages\/731\/page\/2\/' class='inactive next_page' >2<\/a><\/nav>\n<\/div><\/div>\n<\/div><\/div><\/div><!-- close content main div --><\/div><\/div><div id='after_section_2'  class='main_color av_default_container_wrap container_wrap sidebar_right' style=' '  ><div class='container' ><div class='template-page content  av-content-small alpha units'><div class='post-entry post-entry-type-page post-entry-731'><div class='entry-content-wrapper clearfix'>\n","protected":false},"excerpt":{"rendered":"","protected":false},"author":1,"featured_media":0,"parent":0,"menu_order":0,"comment_status":"closed","ping_status":"closed","template":"","meta":{"footnotes":""},"yoast_head":"<!-- This site is optimized with the Yoast SEO plugin v22.3 - https:\/\/yoast.com\/wordpress\/plugins\/seo\/ -->\n<title>Blog - HIPERTIN<\/title>\n<meta name=\"description\" content=\"Blog de Hipertin - Cosm\u00e9tica e Higiene. Inf\u00f3rmate de las \u00faltimas novedades, lanzamientos y todos los productos de Hipertin.\" \/>\n<meta name=\"robots\" content=\"index, follow, max-snippet:-1, max-image-preview:large, max-video-preview:-1\" \/>\n<link rel=\"canonical\" href=\"https:\/\/www.hipertin.com\/en\/blog\/\" \/>\n<meta property=\"og:locale\" content=\"en_US\" \/>\n<meta property=\"og:type\" content=\"article\" \/>\n<meta property=\"og:title\" content=\"Blog - HIPERTIN\" \/>\n<meta property=\"og:description\" content=\"Blog de Hipertin - Cosm\u00e9tica e Higiene. Inf\u00f3rmate de las \u00faltimas novedades, lanzamientos y todos los productos de Hipertin.\" \/>\n<meta property=\"og:url\" content=\"https:\/\/www.hipertin.com\/en\/blog\/\" \/>\n<meta property=\"og:site_name\" content=\"HIPERTIN\" \/>\n<meta property=\"article:publisher\" content=\"https:\/\/es-es.facebook.com\/pg\/HipertinOfficial\/\" \/>\n<meta property=\"article:modified_time\" content=\"2021-10-05T09:26:43+00:00\" \/>\n<meta name=\"twitter:label1\" content=\"Est. reading time\" \/>\n\t<meta name=\"twitter:data1\" content=\"1 minute\" \/>\n<script type=\"application\/ld+json\" class=\"yoast-schema-graph\">{\"@context\":\"https:\/\/schema.org\",\"@graph\":[{\"@type\":\"WebPage\",\"@id\":\"https:\/\/www.hipertin.com\/en\/blog\/\",\"url\":\"https:\/\/www.hipertin.com\/en\/blog\/\",\"name\":\"Blog - HIPERTIN\",\"isPartOf\":{\"@id\":\"https:\/\/www.hipertin.com\/en\/#website\"},\"datePublished\":\"2013-04-01T15:37:39+00:00\",\"dateModified\":\"2021-10-05T09:26:43+00:00\",\"description\":\"Blog de Hipertin - Cosm\u00e9tica e Higiene. Inf\u00f3rmate de las \u00faltimas novedades, lanzamientos y todos los productos de Hipertin.\",\"breadcrumb\":{\"@id\":\"https:\/\/www.hipertin.com\/en\/blog\/#breadcrumb\"},\"inLanguage\":\"en-US\",\"potentialAction\":[{\"@type\":\"ReadAction\",\"target\":[\"https:\/\/www.hipertin.com\/en\/blog\/\"]}]},{\"@type\":\"BreadcrumbList\",\"@id\":\"https:\/\/www.hipertin.com\/en\/blog\/#breadcrumb\",\"itemListElement\":[{\"@type\":\"ListItem\",\"position\":1,\"name\":\"Portada\",\"item\":\"https:\/\/www.hipertin.com\/en\/\"},{\"@type\":\"ListItem\",\"position\":2,\"name\":\"Blog\"}]},{\"@type\":\"WebSite\",\"@id\":\"https:\/\/www.hipertin.com\/en\/#website\",\"url\":\"https:\/\/www.hipertin.com\/en\/\",\"name\":\"HIPERTIN\",\"description\":\"HOLA - \u00bfNos inspiramos?\",\"publisher\":{\"@id\":\"https:\/\/www.hipertin.com\/en\/#organization\"},\"potentialAction\":[{\"@type\":\"SearchAction\",\"target\":{\"@type\":\"EntryPoint\",\"urlTemplate\":\"https:\/\/www.hipertin.com\/en\/?s={search_term_string}\"},\"query-input\":\"required name=search_term_string\"}],\"inLanguage\":\"en-US\"},{\"@type\":\"Organization\",\"@id\":\"https:\/\/www.hipertin.com\/en\/#organization\",\"name\":\"HIPERTIN, S.A.\",\"url\":\"https:\/\/www.hipertin.com\/en\/\",\"logo\":{\"@type\":\"ImageObject\",\"inLanguage\":\"en-US\",\"@id\":\"https:\/\/www.hipertin.com\/en\/#\/schema\/logo\/image\/\",\"url\":\"https:\/\/www.hipertin.com\/wp-content\/uploads\/logo-hi.jpg\",\"contentUrl\":\"https:\/\/www.hipertin.com\/wp-content\/uploads\/logo-hi.jpg\",\"width\":200,\"height\":200,\"caption\":\"HIPERTIN, S.A.\"},\"image\":{\"@id\":\"https:\/\/www.hipertin.com\/en\/#\/schema\/logo\/image\/\"},\"sameAs\":[\"https:\/\/es-es.facebook.com\/pg\/HipertinOfficial\/\",\"https:\/\/www.instagram.com\/hipertin_official\/\",\"https:\/\/es.linkedin.com\/company\/hipertin\",\"https:\/\/www.youtube.com\/channel\/UClDdByjzx9pEUt7PPpySYSg\"]}]}<\/script>\n<!-- \/ Yoast SEO plugin. -->","yoast_head_json":{"title":"Blog - HIPERTIN","description":"Blog de Hipertin - Cosm\u00e9tica e Higiene. Inf\u00f3rmate de las \u00faltimas novedades, lanzamientos y todos los productos de Hipertin.","robots":{"index":"index","follow":"follow","max-snippet":"max-snippet:-1","max-image-preview":"max-image-preview:large","max-video-preview":"max-video-preview:-1"},"canonical":"https:\/\/www.hipertin.com\/en\/blog\/","og_locale":"en_US","og_type":"article","og_title":"Blog - HIPERTIN","og_description":"Blog de Hipertin - Cosm\u00e9tica e Higiene. Inf\u00f3rmate de las \u00faltimas novedades, lanzamientos y todos los productos de Hipertin.","og_url":"https:\/\/www.hipertin.com\/en\/blog\/","og_site_name":"HIPERTIN","article_publisher":"https:\/\/es-es.facebook.com\/pg\/HipertinOfficial\/","article_modified_time":"2021-10-05T09:26:43+00:00","twitter_misc":{"Est. reading time":"1 minute"},"schema":{"@context":"https:\/\/schema.org","@graph":[{"@type":"WebPage","@id":"https:\/\/www.hipertin.com\/en\/blog\/","url":"https:\/\/www.hipertin.com\/en\/blog\/","name":"Blog - HIPERTIN","isPartOf":{"@id":"https:\/\/www.hipertin.com\/en\/#website"},"datePublished":"2013-04-01T15:37:39+00:00","dateModified":"2021-10-05T09:26:43+00:00","description":"Blog de Hipertin - Cosm\u00e9tica e Higiene. Inf\u00f3rmate de las \u00faltimas novedades, lanzamientos y todos los productos de Hipertin.","breadcrumb":{"@id":"https:\/\/www.hipertin.com\/en\/blog\/#breadcrumb"},"inLanguage":"en-US","potentialAction":[{"@type":"ReadAction","target":["https:\/\/www.hipertin.com\/en\/blog\/"]}]},{"@type":"BreadcrumbList","@id":"https:\/\/www.hipertin.com\/en\/blog\/#breadcrumb","itemListElement":[{"@type":"ListItem","position":1,"name":"Portada","item":"https:\/\/www.hipertin.com\/en\/"},{"@type":"ListItem","position":2,"name":"Blog"}]},{"@type":"WebSite","@id":"https:\/\/www.hipertin.com\/en\/#website","url":"https:\/\/www.hipertin.com\/en\/","name":"HIPERTIN","description":"HOLA - \u00bfNos inspiramos?","publisher":{"@id":"https:\/\/www.hipertin.com\/en\/#organization"},"potentialAction":[{"@type":"SearchAction","target":{"@type":"EntryPoint","urlTemplate":"https:\/\/www.hipertin.com\/en\/?s={search_term_string}"},"query-input":"required name=search_term_string"}],"inLanguage":"en-US"},{"@type":"Organization","@id":"https:\/\/www.hipertin.com\/en\/#organization","name":"HIPERTIN, S.A.","url":"https:\/\/www.hipertin.com\/en\/","logo":{"@type":"ImageObject","inLanguage":"en-US","@id":"https:\/\/www.hipertin.com\/en\/#\/schema\/logo\/image\/","url":"https:\/\/www.hipertin.com\/wp-content\/uploads\/logo-hi.jpg","contentUrl":"https:\/\/www.hipertin.com\/wp-content\/uploads\/logo-hi.jpg","width":200,"height":200,"caption":"HIPERTIN, S.A."},"image":{"@id":"https:\/\/www.hipertin.com\/en\/#\/schema\/logo\/image\/"},"sameAs":["https:\/\/es-es.facebook.com\/pg\/HipertinOfficial\/","https:\/\/www.instagram.com\/hipertin_official\/","https:\/\/es.linkedin.com\/company\/hipertin","https:\/\/www.youtube.com\/channel\/UClDdByjzx9pEUt7PPpySYSg"]}]}},"_links":{"self":[{"href":"https:\/\/www.hipertin.com\/en\/wp-json\/wp\/v2\/pages\/731"}],"collection":[{"href":"https:\/\/www.hipertin.com\/en\/wp-json\/wp\/v2\/pages"}],"about":[{"href":"https:\/\/www.hipertin.com\/en\/wp-json\/wp\/v2\/types\/page"}],"author":[{"embeddable":true,"href":"https:\/\/www.hipertin.com\/en\/wp-json\/wp\/v2\/users\/1"}],"replies":[{"embeddable":true,"href":"https:\/\/www.hipertin.com\/en\/wp-json\/wp\/v2\/comments?post=731"}],"version-history":[{"count":0,"href":"https:\/\/www.hipertin.com\/en\/wp-json\/wp\/v2\/pages\/731\/revisions"}],"wp:attachment":[{"href":"https:\/\/www.hipertin.com\/en\/wp-json\/wp\/v2\/media?parent=731"}],"curies":[{"name":"wp","href":"https:\/\/api.w.org\/{rel}","templated":true}]}}